{"id":21567,"date":"2024-02-14T11:24:54","date_gmt":"2024-02-14T11:24:54","guid":{"rendered":"https:\/\/dev.bralo.com\/solucoes-de-estanquidade\/"},"modified":"2024-10-14T08:23:52","modified_gmt":"2024-10-14T08:23:52","slug":"solucoes-de-estanquidade","status":"publish","type":"page","link":"https:\/\/dev.bralo.com\/pt-pt\/solucoes-de-estanquidade\/","title":{"rendered":"SOLU\u00c7\u00d5ES DE ESTANQUIDADE"},"content":{"rendered":"<p>[et_pb_section fb_built=&#8221;1&#8243; custom_padding_last_edited=&#8221;on|phone&#8221; admin_label=&#8221;Section&#8221; _builder_version=&#8221;4.21.0&#8243; _module_preset=&#8221;default&#8221; background_image=&#8221;https:\/\/dev.bralo.com\/wp-content\/uploads\/2023\/09\/cabecera-estanquedad.jpg&#8221; custom_margin=&#8221;||3px||false|false&#8221; custom_padding_tablet=&#8221;&#8221; custom_padding_phone=&#8221;|0px||0px|false|false&#8221; da_disable_devices=&#8221;off|off|off&#8221; locked=&#8221;off&#8221; global_colors_info=&#8221;{}&#8221; da_is_popup=&#8221;off&#8221; da_exit_intent=&#8221;off&#8221; da_has_close=&#8221;on&#8221; da_alt_close=&#8221;off&#8221; da_dark_close=&#8221;off&#8221; da_not_modal=&#8221;on&#8221; da_is_singular=&#8221;off&#8221; da_with_loader=&#8221;off&#8221; da_has_shadow=&#8221;on&#8221;][et_pb_row custom_padding_last_edited=&#8221;on|phone&#8221; _builder_version=&#8221;4.21.0&#8243; _module_preset=&#8221;default&#8221; custom_padding=&#8221;|8%||8%|true|true&#8221; custom_padding_tablet=&#8221;70px|8%|70px|8%|true|true&#8221; custom_padding_phone=&#8221;70px|0%|70px|0%|true|true&#8221; global_colors_info=&#8221;{}&#8221;][et_pb_column type=&#8221;4_4&#8243; _builder_version=&#8221;4.20.4&#8243; _module_preset=&#8221;default&#8221; global_colors_info=&#8221;{}&#8221;][et_pb_text _builder_version=&#8221;4.21.0&#8243; _module_preset=&#8221;default&#8221; text_font=&#8221;|300|||||||&#8221; text_text_color=&#8221;#FFFFFF&#8221; text_line_height=&#8221;1.5em&#8221; header_font=&#8221;|||on|||||&#8221; header_text_color=&#8221;#FFFFFF&#8221; header_font_size=&#8221;45px&#8221; header_line_height=&#8221;2.2em&#8221; text_orientation=&#8221;center&#8221; text_line_height_tablet=&#8221;1.5em&#8221; text_line_height_phone=&#8221;1em&#8221; text_line_height_last_edited=&#8221;on|phone&#8221; global_colors_info=&#8221;{}&#8221;]<\/p>\n<h1>SOLU\u00c7\u00d5ES DE ESTANQUIDADE<\/h1>\n<p>[\/et_pb_text][\/et_pb_column][\/et_pb_row][\/et_pb_section][et_pb_section fb_built=&#8221;1&#8243; admin_label=&#8221;Section&#8221; _builder_version=&#8221;4.23&#8243; _module_preset=&#8221;default&#8221; background_color=&#8221;#FFFFFF&#8221; background_image=&#8221;https:\/\/dev.bralo.com\/wp-content\/uploads\/2023\/09\/todas-piezas-estanqueidad-2.jpg&#8221; background_size=&#8221;custom&#8221; background_image_width=&#8221;70%&#8221; background_position=&#8221;bottom_right&#8221; custom_padding=&#8221;40px||40px||true|false&#8221; da_disable_devices=&#8221;off|off|off&#8221; global_colors_info=&#8221;{}&#8221; da_is_popup=&#8221;off&#8221; da_exit_intent=&#8221;off&#8221; da_has_close=&#8221;on&#8221; da_alt_close=&#8221;off&#8221; da_dark_close=&#8221;off&#8221; da_not_modal=&#8221;on&#8221; da_is_singular=&#8221;off&#8221; da_with_loader=&#8221;off&#8221; da_has_shadow=&#8221;on&#8221;][et_pb_row column_structure=&#8221;1_2,1_2&#8243; _builder_version=&#8221;4.20.4&#8243; _module_preset=&#8221;default&#8221; global_colors_info=&#8221;{}&#8221;][et_pb_column type=&#8221;1_2&#8243; _builder_version=&#8221;4.20.4&#8243; _module_preset=&#8221;default&#8221; global_colors_info=&#8221;{}&#8221;][et_pb_text _builder_version=&#8221;4.23&#8243; _module_preset=&#8221;default&#8221; header_2_font=&#8221;||||||||&#8221; header_2_font_size=&#8221;35px&#8221; custom_padding_tablet=&#8221;&#8221; custom_padding_phone=&#8221;||20px||false|false&#8221; custom_padding_last_edited=&#8221;on|phone&#8221; global_colors_info=&#8221;{}&#8221;]<\/p>\n<h2><em>PROCESSOS DE SELAGEM<\/em><\/h2>\n<p> SEGURAN\u00c7A E DURABILIDADE<br \/>Na BRALO, oferecemos diferentes solu\u00e7\u00f5es para garantirmos a estanquidade nas fixa\u00e7\u00f5es dos nossos produtos de acordo com as necessidades de cada cliente. Dependendo dos requisitos t\u00e9cnicos, existe a possibilidade de utilizar juntas ou vedantes. Ambas as solu\u00e7\u00f5es podem ser utilizadas em rebites, porcas ou porcas com perno rebit\u00e1veis.<br \/>\n[\/et_pb_text][\/et_pb_column][et_pb_column type=&#8221;1_2&#8243; _builder_version=&#8221;4.20.4&#8243; _module_preset=&#8221;default&#8221; global_colors_info=&#8221;{}&#8221;][\/et_pb_column][\/et_pb_row][\/et_pb_section][et_pb_section fb_built=&#8221;1&#8243; admin_label=&#8221;Section&#8221; _builder_version=&#8221;4.21.0&#8243; _module_preset=&#8221;default&#8221; background_color=&#8221;#006CA7&#8243; custom_padding=&#8221;20px||20px||true|false&#8221; da_disable_devices=&#8221;off|off|off&#8221; global_colors_info=&#8221;{}&#8221; da_is_popup=&#8221;off&#8221; da_exit_intent=&#8221;off&#8221; da_has_close=&#8221;on&#8221; da_alt_close=&#8221;off&#8221; da_dark_close=&#8221;off&#8221; da_not_modal=&#8221;on&#8221; da_is_singular=&#8221;off&#8221; da_with_loader=&#8221;off&#8221; da_has_shadow=&#8221;on&#8221;][et_pb_row column_structure=&#8221;1_3,1_3,1_3&#8243; module_class=&#8221;separacion-ventajas&#8221; _builder_version=&#8221;4.23&#8243; _module_preset=&#8221;default&#8221; global_colors_info=&#8221;{}&#8221;][et_pb_column type=&#8221;1_3&#8243; _builder_version=&#8221;4.21.0&#8243; _module_preset=&#8221;default&#8221; global_colors_info=&#8221;{}&#8221;][et_pb_blurb title=&#8221;Junta que se adapta ao espa\u00e7o da pe\u00e7a.&#8221; image=&#8221;https:\/\/dev.bralo.com\/wp-content\/uploads\/2023\/09\/icono-navaja.png&#8221; _builder_version=&#8221;4.21.0&#8243; _module_preset=&#8221;default&#8221; header_level=&#8221;h3&#8243; header_text_align=&#8221;center&#8221; header_text_color=&#8221;#FFFFFF&#8221; global_colors_info=&#8221;{}&#8221;][\/et_pb_blurb][\/et_pb_column][et_pb_column type=&#8221;1_3&#8243; _builder_version=&#8221;4.21.0&#8243; _module_preset=&#8221;default&#8221; global_colors_info=&#8221;{}&#8221;][et_pb_blurb title=&#8221;ESTANQUIDADE EST\u00c1TICA de fluidos ou gases.&#8221; image=&#8221;https:\/\/dev.bralo.com\/wp-content\/uploads\/2023\/09\/icono-estanqueidad-fluidos.png&#8221; _builder_version=&#8221;4.21.0&#8243; _module_preset=&#8221;default&#8221; header_level=&#8221;h3&#8243; header_text_align=&#8221;center&#8221; header_text_color=&#8221;#FFFFFF&#8221; global_colors_info=&#8221;{}&#8221;][\/et_pb_blurb][\/et_pb_column][et_pb_column type=&#8221;1_3&#8243; _builder_version=&#8221;4.21.0&#8243; _module_preset=&#8221;default&#8221; global_colors_info=&#8221;{}&#8221;][et_pb_blurb title=&#8221;GARANTIA com ensaio de estanquidade.&#8221; image=&#8221;https:\/\/dev.bralo.com\/wp-content\/uploads\/2023\/09\/icono-estanquedad-ok.png&#8221; _builder_version=&#8221;4.21.0&#8243; _module_preset=&#8221;default&#8221; header_level=&#8221;h3&#8243; header_text_align=&#8221;center&#8221; header_text_color=&#8221;#FFFFFF&#8221; global_colors_info=&#8221;{}&#8221;][\/et_pb_blurb][\/et_pb_column][\/et_pb_row][\/et_pb_section][et_pb_section fb_built=&#8221;1&#8243; admin_label=&#8221;Section&#8221; module_class=&#8221;seccion-tratamiento-por-sellante&#8221; _builder_version=&#8221;4.25.1&#8243; _module_preset=&#8221;default&#8221; background_color=&#8221;#FFFFFF&#8221; background_image=&#8221;https:\/\/dev.bralo.com\/wp-content\/uploads\/2023\/10\/bodegon_sellantes_2-scaled.jpg&#8221; background_size=&#8221;custom&#8221; background_image_width=&#8221;44%&#8221; background_position=&#8221;top_left&#8221; custom_padding=&#8221;0px||0px||false|false&#8221; da_disable_devices=&#8221;off|off|off&#8221; global_colors_info=&#8221;{}&#8221; da_is_popup=&#8221;off&#8221; da_exit_intent=&#8221;off&#8221; da_has_close=&#8221;on&#8221; da_alt_close=&#8221;off&#8221; da_dark_close=&#8221;off&#8221; da_not_modal=&#8221;on&#8221; da_is_singular=&#8221;off&#8221; da_with_loader=&#8221;off&#8221; da_has_shadow=&#8221;on&#8221;][et_pb_row column_structure=&#8221;1_2,1_2&#8243; _builder_version=&#8221;4.23&#8243; _module_preset=&#8221;default&#8221; custom_margin_tablet=&#8221;&#8221; custom_margin_phone=&#8221;30px||||false|false&#8221; custom_margin_last_edited=&#8221;on|phone&#8221; global_colors_info=&#8221;{}&#8221;][et_pb_column type=&#8221;1_2&#8243; _builder_version=&#8221;4.20.4&#8243; _module_preset=&#8221;default&#8221; global_colors_info=&#8221;{}&#8221;][\/et_pb_column][et_pb_column type=&#8221;1_2&#8243; _builder_version=&#8221;4.20.4&#8243; _module_preset=&#8221;default&#8221; global_colors_info=&#8221;{}&#8221;][et_pb_text module_class=&#8221;encabezadoh2-tratamiento-por-sellante&#8221; _builder_version=&#8221;4.25.1&#8243; _module_preset=&#8221;default&#8221; header_2_font=&#8221;||||||||&#8221; header_2_text_color=&#8221;#006CA7&#8243; header_2_font_size=&#8221;35px&#8221; custom_margin_tablet=&#8221;&#8221; custom_margin_phone=&#8221;46px||||false|false&#8221; custom_margin_last_edited=&#8221;on|phone&#8221; global_colors_info=&#8221;{}&#8221;]<\/p>\n<h2>TRATAMENTO POR VEDANTE<\/h2>\n<p>Consiste num pol\u00edmero com base de poliuretano el\u00e1stico curado a quente aplicado sob a cabe\u00e7a do rebite ou porca em quest\u00e3o. Ao efectuar a rebitagem o VEDANTE adapta-se \u00e0 geometria, garantindo a estanquidade mediante uma selagem eficaz. \u00c9 aplic\u00e1vel em todo o tipo de materiais, com a vantagem de eliminar a possibilidade de desmontagem ou erro na montagem.  <\/p>\n<p>[\/et_pb_text][\/et_pb_column][\/et_pb_row][\/et_pb_section][et_pb_section fb_built=&#8221;1&#8243; admin_label=&#8221;Section&#8221; _builder_version=&#8221;4.25.1&#8243; _module_preset=&#8221;default&#8221; background_color=&#8221;#FFFFFF&#8221; background_image=&#8221;https:\/\/dev.bralo.com\/wp-content\/uploads\/2023\/09\/pieza-junta-1.jpg&#8221; background_size=&#8221;custom&#8221; background_image_width=&#8221;50%&#8221; background_position=&#8221;center_right&#8221; custom_padding=&#8221;0px||0px||false|false&#8221; background_last_edited=&#8221;on|phone&#8221; background_image_width_phone=&#8221;80%&#8221; background_position_phone=&#8221;bottom_right&#8221; da_disable_devices=&#8221;off|off|off&#8221; global_colors_info=&#8221;{}&#8221; da_is_popup=&#8221;off&#8221; da_exit_intent=&#8221;off&#8221; da_has_close=&#8221;on&#8221; da_alt_close=&#8221;off&#8221; da_dark_close=&#8221;off&#8221; da_not_modal=&#8221;on&#8221; da_is_singular=&#8221;off&#8221; da_with_loader=&#8221;off&#8221; da_has_shadow=&#8221;on&#8221;][et_pb_row column_structure=&#8221;1_2,1_2&#8243; _builder_version=&#8221;4.20.4&#8243; _module_preset=&#8221;default&#8221; global_colors_info=&#8221;{}&#8221;][et_pb_column type=&#8221;1_2&#8243; _builder_version=&#8221;4.20.4&#8243; _module_preset=&#8221;default&#8221; global_colors_info=&#8221;{}&#8221;][et_pb_text content_tablet=&#8221;<\/p>\n<h2>JUNTAS DE ESTANQUIDADE<\/h2>\n<p> A press\u00e3o exercida durante o processo de rebitagem provoca a deforma\u00e7\u00e3o da junta, conseguindo a perfeita adapta\u00e7\u00e3o entre a fixa\u00e7\u00e3o e a pe\u00e7a. Oferecemos as seguintes alternativas em fun\u00e7\u00e3o da necessidade de estanquidade nos diferentes fluidos ou gases; que requerem diferentes n\u00edveis de resist\u00eancia \u00e0 corros\u00e3o e \u00e0 temperatura.  <\/p>\n<ul>\n<li>EPDM<\/li>\n<li>NBR<\/li>\n<li>FKM (viton\u00ae)<\/li>\n<\/ul>\n<p>&#8221; content_phone=&#8221;<\/p>\n<h2>JUNTAS DE ESTANQUIDADE<\/h2>\n<p>A press\u00e3o exercida durante o processo de rebitagem provoca a deforma\u00e7\u00e3o da junta, conseguindo a perfeita adapta\u00e7\u00e3o entre a fixa\u00e7\u00e3o e a pe\u00e7a.<\/p>\n<p>Oferecemos as seguintes alternativas em fun\u00e7\u00e3o da necessidade de estanquidade nos diferentes fluidos ou gases; que requerem diferentes n\u00edveis de resist\u00eancia \u00e0 corros\u00e3o e \u00e0 temperatura.<\/p>\n<ul>\n<li>EPDM<\/li>\n<li>NBR<\/li>\n<li>FKM (viton\u00ae)<\/li>\n<\/ul>\n<p>&#8221; content_last_edited=&#8221;on|phone&#8221; _builder_version=&#8221;4.25.1&#8243; _module_preset=&#8221;default&#8221; header_2_font=&#8221;||||||||&#8221; header_2_text_color=&#8221;#006CA7&#8243; header_2_font_size=&#8221;35px&#8221; custom_margin=&#8221;30px||||false|false&#8221; custom_padding_tablet=&#8221;&#8221; custom_padding_phone=&#8221;||40px||false|false&#8221; custom_padding_last_edited=&#8221;on|phone&#8221; global_colors_info=&#8221;{}&#8221;]<\/p>\n<h2>JUNTAS DE ESTANQUIDADE<\/h2>\n<p>A press\u00e3o exercida durante o processo de rebitagem provoca a deforma\u00e7\u00e3o da junta, conseguindo a perfeita adapta\u00e7\u00e3o entre a fixa\u00e7\u00e3o e a pe\u00e7a.<\/p>\n<p>Oferecemos as seguintes alternativas em fun\u00e7\u00e3o da necessidade de estanquidade nos diferentes fluidos ou gases; que requerem diferentes n\u00edveis de resist\u00eancia \u00e0 corros\u00e3o e \u00e0 temperatura.<\/p>\n<p>&nbsp;<\/p>\n<ul>\n<li>EPDM<\/li>\n<li>NBR<\/li>\n<li>FKM (viton\u00ae)<\/li>\n<\/ul>\n<p>[\/et_pb_text][\/et_pb_column][et_pb_column type=&#8221;1_2&#8243; _builder_version=&#8221;4.20.4&#8243; _module_preset=&#8221;default&#8221; global_colors_info=&#8221;{}&#8221;][\/et_pb_column][\/et_pb_row][\/et_pb_section][et_pb_section fb_built=&#8221;1&#8243; custom_padding_last_edited=&#8221;on|phone&#8221; admin_label=&#8221;Section&#8221; _builder_version=&#8221;4.23&#8243; _module_preset=&#8221;default&#8221; custom_margin_tablet=&#8221;&#8221; custom_margin_phone=&#8221;16px||||false|false&#8221; custom_margin_last_edited=&#8221;on|phone&#8221; custom_padding=&#8221;3px||0px|||&#8221; custom_padding_tablet=&#8221;3px||0px|||&#8221; custom_padding_phone=&#8221;0px|0px|0px|0px|false|false&#8221; da_disable_devices=&#8221;off|off|off&#8221; global_colors_info=&#8221;{}&#8221; da_is_popup=&#8221;off&#8221; da_exit_intent=&#8221;off&#8221; da_has_close=&#8221;on&#8221; da_alt_close=&#8221;off&#8221; da_dark_close=&#8221;off&#8221; da_not_modal=&#8221;on&#8221; da_is_singular=&#8221;off&#8221; da_with_loader=&#8221;off&#8221; da_has_shadow=&#8221;on&#8221;][et_pb_row _builder_version=&#8221;4.23&#8243; _module_preset=&#8221;default&#8221; background_image=&#8221;https:\/\/dev.bralo.com\/wp-content\/uploads\/2023\/09\/electric-car-6901893-azul.jpg&#8221; width=&#8221;100%&#8221; width_tablet=&#8221;&#8221; width_phone=&#8221;100%&#8221; width_last_edited=&#8221;on|phone&#8221; max_width=&#8221;100%&#8221; custom_margin=&#8221;|0px||0px|false|true&#8221; custom_margin_tablet=&#8221;&#8221; custom_margin_phone=&#8221;|0px||0px|false|false&#8221; custom_margin_last_edited=&#8221;on|phone&#8221; custom_padding=&#8221;|0px||0px|false|true&#8221; background_last_edited=&#8221;on|phone&#8221; background_size_phone=&#8221;contain&#8221; global_colors_info=&#8221;{}&#8221;][et_pb_column type=&#8221;4_4&#8243; _builder_version=&#8221;4.21.0&#8243; _module_preset=&#8221;default&#8221; global_colors_info=&#8221;{}&#8221;][et_pb_divider show_divider=&#8221;off&#8221; _builder_version=&#8221;4.21.0&#8243; _module_preset=&#8221;default&#8221; custom_margin=&#8221;170px||73px||false|false&#8221; global_colors_info=&#8221;{}&#8221;][\/et_pb_divider][\/et_pb_column][\/et_pb_row][\/et_pb_section]<\/p>\n","protected":false},"excerpt":{"rendered":"<p>SOLU\u00c7\u00d5ES DE ESTANQUIDADE PROCESSOS DE SELAGEM SEGURAN\u00c7A E DURABILIDADENa BRALO, oferecemos diferentes solu\u00e7\u00f5es para garantirmos a estanquidade nas fixa\u00e7\u00f5es dos nossos produtos de acordo com as necessidades de cada cliente. Dependendo dos requisitos t\u00e9cnicos, existe a possibilidade de utilizar juntas ou vedantes. Ambas as solu\u00e7\u00f5es podem ser utilizadas em rebites, porcas ou porcas com perno [&hellip;]<\/p>\n","protected":false},"author":2,"featured_media":0,"parent":0,"menu_order":0,"comment_status":"closed","ping_status":"closed","template":"","meta":{"_acf_changed":false,"_et_pb_use_builder":"on","_et_pb_old_content":"","_et_gb_content_width":"","rank_math_lock_modified_date":false,"inline_featured_image":false,"footnotes":""},"class_list":["post-21567","page","type-page","status-publish","hentry"],"acf":[],"_links":{"self":[{"href":"https:\/\/dev.bralo.com\/pt-pt\/wp-json\/wp\/v2\/pages\/21567","targetHints":{"allow":["GET"]}}],"collection":[{"href":"https:\/\/dev.bralo.com\/pt-pt\/wp-json\/wp\/v2\/pages"}],"about":[{"href":"https:\/\/dev.bralo.com\/pt-pt\/wp-json\/wp\/v2\/types\/page"}],"author":[{"embeddable":true,"href":"https:\/\/dev.bralo.com\/pt-pt\/wp-json\/wp\/v2\/users\/2"}],"replies":[{"embeddable":true,"href":"https:\/\/dev.bralo.com\/pt-pt\/wp-json\/wp\/v2\/comments?post=21567"}],"version-history":[{"count":7,"href":"https:\/\/dev.bralo.com\/pt-pt\/wp-json\/wp\/v2\/pages\/21567\/revisions"}],"predecessor-version":[{"id":22751,"href":"https:\/\/dev.bralo.com\/pt-pt\/wp-json\/wp\/v2\/pages\/21567\/revisions\/22751"}],"wp:attachment":[{"href":"https:\/\/dev.bralo.com\/pt-pt\/wp-json\/wp\/v2\/media?parent=21567"}],"curies":[{"name":"wp","href":"https:\/\/api.w.org\/{rel}","templated":true}]}}