{"id":19124,"date":"2023-05-19T12:55:54","date_gmt":"2023-05-19T12:55:54","guid":{"rendered":"https:\/\/dev.bralo.com\/services\/innovacion\/"},"modified":"2024-10-28T14:39:29","modified_gmt":"2024-10-28T14:39:29","slug":"innovation","status":"publish","type":"page","link":"https:\/\/dev.bralo.com\/fr\/services\/innovation\/","title":{"rendered":"Innovation"},"content":{"rendered":"<p>[et_pb_section fb_built=&#8221;1&#8243; _builder_version=&#8221;4.21.0&#8243; _module_preset=&#8221;default&#8221; background_color=&#8221;RGBA(255,255,255,0)&#8221; background_image=&#8221;https:\/\/dev.bralo.com\/wp-content\/uploads\/2023\/05\/innovacion.jpg&#8221; min_height=&#8221;300px&#8221; max_height=&#8221;301px&#8221; custom_margin=&#8221;0px||0px||false|false&#8221; custom_padding=&#8221;0px||0px||false|false&#8221; da_disable_devices=&#8221;off|off|off&#8221; global_colors_info=&#8221;{}&#8221; da_is_popup=&#8221;off&#8221; da_exit_intent=&#8221;off&#8221; da_has_close=&#8221;on&#8221; da_alt_close=&#8221;off&#8221; da_dark_close=&#8221;off&#8221; da_not_modal=&#8221;on&#8221; da_is_singular=&#8221;off&#8221; da_with_loader=&#8221;off&#8221; da_has_shadow=&#8221;on&#8221;][et_pb_row custom_padding_last_edited=&#8221;on|phone&#8221; _builder_version=&#8221;4.23&#8243; _module_preset=&#8221;default&#8221; width_tablet=&#8221;&#8221; width_phone=&#8221;&#8221; width_last_edited=&#8221;on|phone&#8221; custom_margin=&#8221;0px||0px||true|false&#8221; custom_padding=&#8221;0px|8%|0px|8%|true|true&#8221; custom_padding_tablet=&#8221;10px||10px||true|true&#8221; custom_padding_phone=&#8221;0px|0px|0px|0px|true|true&#8221; global_colors_info=&#8221;{}&#8221;][et_pb_column type=&#8221;4_4&#8243; _builder_version=&#8221;4.20.4&#8243; _module_preset=&#8221;default&#8221; global_colors_info=&#8221;{}&#8221;][et_pb_text content_tablet=&#8221;<\/p>\n<h1>INNOVATION<\/h1>\n<p>BRALO \u00c0 LA POINTE<\/p>\n<p>Notre vision est d&#8217;\u00eatre une <strong>entreprise innovante<\/strong> et notre objectif est d&#8217;\u00eatre une <strong>r\u00e9f\u00e9rence technologique<\/strong> dans les secteurs dans lesquels nous op\u00e9rons. BRALO croit en<strong> la capacit\u00e9<\/strong> d&#8217;innovation technologique, <strong>de recherche<\/strong> et <strong>d\u2019\u00e9laboration<\/strong> en tant qu&#8217;outils n\u00e9cessaires pour s&#8217;adapter \u00e0 l&#8217; <strong>\u00e9volution globale<\/strong> des nouveaux march\u00e9s.<\/p>\n<p>&#8221; content_phone=&#8221;<\/p>\n<h1 style=%22padding-top: 110px; padding-bottom: 15px;%22>INNOVATION<\/h1>\n<p style=%22padding-bottom: 100px!important;%22>BRALO \u00c0 LA POINTE<\/p>\n<p style=%22color: black;%22>Notre vision est d&#8217;\u00eatre une <strong>entreprise innovante<\/strong> et notre objectif est d&#8217;\u00eatre une <strong>r\u00e9f\u00e9rence technologique<\/strong> dans les secteurs dans lesquels nous op\u00e9rons. BRALO croit en<strong> la capacit\u00e9<\/strong> d&#8217;innovation technologique, <strong>de recherche<\/strong> et <strong>d\u2019\u00e9laboration<\/strong> en tant qu&#8217;outils n\u00e9cessaires pour s&#8217;adapter \u00e0 l&#8217; <strong>\u00e9volution globale<\/strong> des nouveaux march\u00e9s.<\/p>\n<p>&#8221; content_last_edited=&#8221;on|tablet&#8221; _builder_version=&#8221;4.27.0&#8243; _module_preset=&#8221;default&#8221; text_font=&#8221;|300|||||||&#8221; text_text_color=&#8221;#FFFFFF&#8221; text_line_height=&#8221;1.5em&#8221; header_text_color=&#8221;#FFFFFF&#8221; header_font_size=&#8221;45px&#8221; header_line_height=&#8221;2.2em&#8221; text_orientation=&#8221;center&#8221; custom_margin=&#8221;||||false|false&#8221; global_colors_info=&#8221;{}&#8221;]<\/p>\n<h1>INNOVATION<\/h1>\n<p>BRALO \u00c0 LA POINTE<\/p>\n<p>Notre vision est d&#8217;\u00eatre une <strong>entreprise innovante<\/strong> et notre objectif est d&#8217;\u00eatre une <strong>r\u00e9f\u00e9rence technologique<\/strong> dans les secteurs dans lesquels nous op\u00e9rons. BRALO croit en<strong> la capacit\u00e9<\/strong> d&#8217;innovation technologique, <strong>de recherche<\/strong> et <strong>d\u2019\u00e9laboration<\/strong> en tant qu&#8217;outils n\u00e9cessaires pour s&#8217;adapter \u00e0 l&#8217; <strong>\u00e9volution globale<\/strong> des nouveaux march\u00e9s.<\/p>\n<p>[\/et_pb_text][\/et_pb_column][\/et_pb_row][\/et_pb_section][et_pb_section fb_built=&#8221;1&#8243; module_id=&#8221;reveal1&#8243; _builder_version=&#8221;4.23&#8243; _module_preset=&#8221;default&#8221; background_image=&#8221;https:\/\/dev.bralo.com\/wp-content\/uploads\/2023\/04\/fondo-mosaico-tornillos.jpg&#8221; custom_margin=&#8221;||||false|false&#8221; custom_padding=&#8221;35px||35px||true|false&#8221; da_disable_devices=&#8221;off|off|off&#8221; global_colors_info=&#8221;{}&#8221; da_is_popup=&#8221;off&#8221; da_exit_intent=&#8221;off&#8221; da_has_close=&#8221;on&#8221; da_alt_close=&#8221;off&#8221; da_dark_close=&#8221;off&#8221; da_not_modal=&#8221;on&#8221; da_is_singular=&#8221;off&#8221; da_with_loader=&#8221;off&#8221; da_has_shadow=&#8221;on&#8221;][et_pb_row column_structure=&#8221;1_2,1_2&#8243; use_custom_gutter=&#8221;on&#8221; gutter_width=&#8221;1&#8243; make_equal=&#8221;on&#8221; admin_label=&#8221;Fila&#8221; _builder_version=&#8221;4.21.0&#8243; _module_preset=&#8221;default&#8221; background_enable_image=&#8221;off&#8221; width=&#8221;100%&#8221; width_tablet=&#8221;100%&#8221; width_phone=&#8221;100%&#8221; width_last_edited=&#8221;on|desktop&#8221; max_width=&#8221;100%&#8221; max_width_tablet=&#8221;100%&#8221; max_width_phone=&#8221;100%&#8221; max_width_last_edited=&#8221;on|desktop&#8221; custom_margin=&#8221;|auto|-29px|auto||&#8221; custom_padding=&#8221;0px||||false|false&#8221; custom_css_main_element=&#8221;display: flex;||flex-wrap: wrap;&#8221; locked=&#8221;off&#8221; global_colors_info=&#8221;{}&#8221;][et_pb_column type=&#8221;1_2&#8243; _builder_version=&#8221;4.21.0&#8243; _module_preset=&#8221;default&#8221; background_image=&#8221;https:\/\/dev.bralo.com\/wp-content\/uploads\/2023\/05\/profesionales.jpg&#8221; global_colors_info=&#8221;{}&#8221; custom_css_main_element_last_edited=&#8221;on|phone&#8221; custom_css_main_element_phone=&#8221;order: 2;&#8221;][et_pb_divider color=&#8221;RGBA(255,255,255,0)&#8221; _builder_version=&#8221;4.20.4&#8243; _module_preset=&#8221;default&#8221; height=&#8221;200px&#8221; global_colors_info=&#8221;{}&#8221;][\/et_pb_divider][\/et_pb_column][et_pb_column type=&#8221;1_2&#8243; _builder_version=&#8221;4.20.4&#8243; _module_preset=&#8221;default&#8221; background_color=&#8221;#FFFFFF&#8221; custom_padding=&#8221;100px|13%|120px|5%|false|false&#8221; custom_padding_tablet=&#8221;100px|13%|120px|5%|false|false&#8221; custom_padding_phone=&#8221;40px||40px||false|false&#8221; custom_padding_last_edited=&#8221;on|desktop&#8221; global_colors_info=&#8221;{}&#8221; custom_css_main_element_last_edited=&#8221;on|phone&#8221; custom_css_main_element_phone=&#8221;order: 1;&#8221;][et_pb_text _builder_version=&#8221;4.25.1&#8243; _module_preset=&#8221;default&#8221; text_font=&#8221;|700|||||||&#8221; text_text_color=&#8221;#006CA7&#8243; text_font_size=&#8221;36px&#8221; header_text_color=&#8221;#006CA7&#8243; header_font_size=&#8221;24px&#8221; header_2_font=&#8221;|600|||||||&#8221; header_2_text_color=&#8221;#006CA7&#8243; header_2_font_size=&#8221;35px&#8221; custom_padding=&#8221;0px||0px||false|false&#8221; custom_padding_tablet=&#8221;0px||0px||false|false&#8221; custom_padding_phone=&#8221;0px||0px|10px|false|false&#8221; custom_padding_last_edited=&#8221;on|phone&#8221; global_colors_info=&#8221;{}&#8221;]<\/p>\n<h2>PROFESSIONNELS SP\u00c9CIALIS\u00c9S<\/h2>\n<p>[\/et_pb_text][et_pb_text _builder_version=&#8221;4.25.1&#8243; _module_preset=&#8221;default&#8221; custom_padding=&#8221;|20px|||false|false&#8221; custom_padding_tablet=&#8221;|20px|||false|false&#8221; custom_padding_phone=&#8221;|20px||10px|false|false&#8221; custom_padding_last_edited=&#8221;on|phone&#8221; global_colors_info=&#8221;{}&#8221;]<\/p>\n<p><strong>L&#8217;innovation technologique chez BRALO ajoute de la valeur \u00e0 nos produits, \u00e0 nos proc\u00e9d\u00e9s et \u00e0 nos services.<\/strong><\/p>\n<p>Dans le cadre de notre am\u00e9lioration constante, nous cherchons \u00e0 nous diversifier en \u00e9laborant de nouveaux produits et \u00e0 nous diff\u00e9rencier en nous am\u00e9liorant et en nous adaptant aux nouveaux besoins de nos clients.<\/p>\n<p>[\/et_pb_text][\/et_pb_column][\/et_pb_row][\/et_pb_section][et_pb_section fb_built=&#8221;1&#8243; _builder_version=&#8221;4.21.0&#8243; _module_preset=&#8221;default&#8221; background_image=&#8221;https:\/\/dev.bralo.com\/wp-content\/uploads\/2023\/05\/bralo-investigacion-azul.jpg&#8221; parallax=&#8221;on&#8221; parallax_method=&#8221;off&#8221; positioning=&#8221;none&#8221; custom_padding=&#8221;6%||6%||true|false&#8221; da_disable_devices=&#8221;off|off|off&#8221; global_colors_info=&#8221;{}&#8221; da_is_popup=&#8221;off&#8221; da_exit_intent=&#8221;off&#8221; da_has_close=&#8221;on&#8221; da_alt_close=&#8221;off&#8221; da_dark_close=&#8221;off&#8221; da_not_modal=&#8221;on&#8221; da_is_singular=&#8221;off&#8221; da_with_loader=&#8221;off&#8221; da_has_shadow=&#8221;on&#8221;][et_pb_row column_structure=&#8221;1_2,1_2&#8243; _builder_version=&#8221;4.20.4&#8243; _module_preset=&#8221;default&#8221; background_enable_image=&#8221;off&#8221; custom_margin=&#8221;||||false|false&#8221; custom_padding=&#8221;||||false|false&#8221; global_colors_info=&#8221;{}&#8221;][et_pb_column type=&#8221;1_2&#8243; _builder_version=&#8221;4.20.4&#8243; _module_preset=&#8221;default&#8221; global_colors_info=&#8221;{}&#8221;][\/et_pb_column][et_pb_column type=&#8221;1_2&#8243; _builder_version=&#8221;4.20.4&#8243; _module_preset=&#8221;default&#8221; global_colors_info=&#8221;{}&#8221;][et_pb_text _builder_version=&#8221;4.25.1&#8243; _module_preset=&#8221;default&#8221; text_font=&#8221;|700|||||||&#8221; text_text_color=&#8221;#FFFFFF&#8221; text_font_size=&#8221;36px&#8221; header_text_color=&#8221;#006CA7&#8243; header_font_size=&#8221;24px&#8221; header_2_font=&#8221;|600|||||||&#8221; header_2_text_color=&#8221;#FFFFFF&#8221; header_2_font_size=&#8221;35px&#8221; text_orientation=&#8221;right&#8221; custom_padding=&#8221;0px||0px||false|false&#8221; global_colors_info=&#8221;{}&#8221;]<\/p>\n<h2>CHEZ BRALO, NOUS MISONS SUR UNE RECHERCHE CONSTANTE<\/h2>\n<p>[\/et_pb_text][et_pb_text _builder_version=&#8221;4.25.1&#8243; _module_preset=&#8221;default&#8221; text_text_color=&#8221;#FFFFFF&#8221; text_font_size=&#8221;18px&#8221; text_orientation=&#8221;right&#8221; custom_margin=&#8221;||||false|false&#8221; custom_padding=&#8221;||||false|false&#8221; global_colors_info=&#8221;{}&#8221;]<\/p>\n<p>\u00catre pionnier en mati\u00e8re de solutions de fixation implique de faire de l&#8217;innovation une priorit\u00e9. C&#8217;est pourquoi BRALO mise constamment sur la R&#038;D&#038;I.<\/p>\n<p>[\/et_pb_text][\/et_pb_column][\/et_pb_row][\/et_pb_section][et_pb_section fb_built=&#8221;1&#8243; _builder_version=&#8221;4.23&#8243; _module_preset=&#8221;default&#8221; background_image=&#8221;https:\/\/dev.bralo.com\/wp-content\/uploads\/2023\/04\/fondo-mosaico-tornillos.jpg&#8221; custom_margin=&#8221;0px||||false|false&#8221; custom_padding=&#8221;0px||35px||false|false&#8221; da_disable_devices=&#8221;off|off|off&#8221; global_colors_info=&#8221;{}&#8221; da_is_popup=&#8221;off&#8221; da_exit_intent=&#8221;off&#8221; da_has_close=&#8221;on&#8221; da_alt_close=&#8221;off&#8221; da_dark_close=&#8221;off&#8221; da_not_modal=&#8221;on&#8221; da_is_singular=&#8221;off&#8221; da_with_loader=&#8221;off&#8221; da_has_shadow=&#8221;on&#8221;][et_pb_row column_structure=&#8221;1_2,1_2&#8243; use_custom_gutter=&#8221;on&#8221; gutter_width=&#8221;1&#8243; make_equal=&#8221;on&#8221; custom_padding_last_edited=&#8221;on|phone&#8221; admin_label=&#8221;Fila&#8221; _builder_version=&#8221;4.23&#8243; _module_preset=&#8221;default&#8221; background_enable_image=&#8221;off&#8221; width=&#8221;100%&#8221; width_tablet=&#8221;100%&#8221; width_phone=&#8221;100%&#8221; width_last_edited=&#8221;on|desktop&#8221; max_width=&#8221;100%&#8221; max_width_tablet=&#8221;100%&#8221; max_width_phone=&#8221;100%&#8221; max_width_last_edited=&#8221;on|desktop&#8221; custom_padding=&#8221;35px||2px||false|false&#8221; custom_padding_tablet=&#8221;35px||2px||false|false&#8221; custom_padding_phone=&#8221;0px||2px||false|false&#8221; custom_css_main_element=&#8221;display: flex;||flex-wrap: wrap;&#8221; locked=&#8221;off&#8221; global_colors_info=&#8221;{}&#8221;][et_pb_column type=&#8221;1_2&#8243; _builder_version=&#8221;4.20.4&#8243; _module_preset=&#8221;default&#8221; background_color=&#8221;#FFFFFF&#8221; custom_padding=&#8221;100px|5%|80px|13%|false|false&#8221; custom_padding_tablet=&#8221;100px|5%|80px|13%|false|false&#8221; custom_padding_phone=&#8221;40px||40px|5%|false|false&#8221; custom_padding_last_edited=&#8221;on|phone&#8221; global_colors_info=&#8221;{}&#8221;][et_pb_text _builder_version=&#8221;4.25.1&#8243; _module_preset=&#8221;default&#8221; text_font=&#8221;|700|||||||&#8221; text_text_color=&#8221;#006CA7&#8243; text_font_size=&#8221;36px&#8221; header_text_color=&#8221;#006CA7&#8243; header_font_size=&#8221;24px&#8221; header_2_font=&#8221;|600|||||||&#8221; header_2_text_color=&#8221;#006CA7&#8243; header_2_font_size=&#8221;35px&#8221; custom_padding=&#8221;||||false|false&#8221; custom_padding_tablet=&#8221;||||false|false&#8221; custom_padding_phone=&#8221;|10px||10px|false|false&#8221; custom_padding_last_edited=&#8221;on|phone&#8221; global_colors_info=&#8221;{}&#8221;]<\/p>\n<h2>RECHERCHE ET COLLABORATIONS<\/h2>\n<p>[\/et_pb_text][et_pb_text _builder_version=&#8221;4.25.1&#8243; _module_preset=&#8221;default&#8221; custom_padding=&#8221;0px||||false|false&#8221; custom_padding_tablet=&#8221;0px||||false|false&#8221; custom_padding_phone=&#8221;0px|10px||10px|false|false&#8221; custom_padding_last_edited=&#8221;on|phone&#8221; global_colors_info=&#8221;{}&#8221;]<\/p>\n<p>Sur la base d&#8217;une politique de progr\u00e8s et d&#8217;am\u00e9lioration continus, nous consacrons 6 % de notre chiffre d&#8217;affaires \u00e0 des projets de recherche et d&#8217;\u00e9laboration de nouveaux produits, cr\u00e9ant ainsi de la valeur et des connaissances sp\u00e9cialis\u00e9es.<\/p>\n<p>Chez BRALO, nous encourageons la collaboration avec les universit\u00e9s et les institutions afin de partager les exp\u00e9riences et d&#8217;\u00eatre en constante \u00e9volution technologique.<\/p>\n<p>[\/et_pb_text][\/et_pb_column][et_pb_column type=&#8221;1_2&#8243; _builder_version=&#8221;4.21.0&#8243; _module_preset=&#8221;default&#8221; background_image=&#8221;https:\/\/dev.bralo.com\/wp-content\/uploads\/2023\/05\/colaboracion-estudios.jpg&#8221; global_colors_info=&#8221;{}&#8221;][et_pb_divider color=&#8221;RGBA(255,255,255,0)&#8221; _builder_version=&#8221;4.20.4&#8243; _module_preset=&#8221;default&#8221; height=&#8221;200px&#8221; global_colors_info=&#8221;{}&#8221;][\/et_pb_divider][\/et_pb_column][\/et_pb_row][\/et_pb_section][et_pb_section fb_built=&#8221;1&#8243; _builder_version=&#8221;4.21.0&#8243; _module_preset=&#8221;default&#8221; use_background_color_gradient=&#8221;on&#8221; background_color_gradient_stops=&#8221;rgba(0,108,167,0.7) 0%|rgba(0,108,167,0.7) 100%&#8221; background_color_gradient_overlays_image=&#8221;on&#8221; background_image=&#8221;https:\/\/dev.bralo.com\/wp-content\/uploads\/2023\/07\/innovacion-solucion-de-problemas-remaches-bralo.jpg&#8221; parallax=&#8221;on&#8221; positioning=&#8221;none&#8221; custom_padding=&#8221;6%||6%||true|false&#8221; da_disable_devices=&#8221;off|off|off&#8221; global_colors_info=&#8221;{}&#8221; da_is_popup=&#8221;off&#8221; da_exit_intent=&#8221;off&#8221; da_has_close=&#8221;on&#8221; da_alt_close=&#8221;off&#8221; da_dark_close=&#8221;off&#8221; da_not_modal=&#8221;on&#8221; da_is_singular=&#8221;off&#8221; da_with_loader=&#8221;off&#8221; da_has_shadow=&#8221;on&#8221;][et_pb_row column_structure=&#8221;1_2,1_2&#8243; _builder_version=&#8221;4.20.4&#8243; _module_preset=&#8221;default&#8221; background_enable_image=&#8221;off&#8221; custom_margin=&#8221;||||false|false&#8221; custom_padding=&#8221;||||false|false&#8221; global_colors_info=&#8221;{}&#8221;][et_pb_column type=&#8221;1_2&#8243; _builder_version=&#8221;4.20.4&#8243; _module_preset=&#8221;default&#8221; global_colors_info=&#8221;{}&#8221;][\/et_pb_column][et_pb_column type=&#8221;1_2&#8243; _builder_version=&#8221;4.20.4&#8243; _module_preset=&#8221;default&#8221; global_colors_info=&#8221;{}&#8221;][et_pb_text _builder_version=&#8221;4.25.1&#8243; _module_preset=&#8221;default&#8221; text_font=&#8221;|700|||||||&#8221; text_text_color=&#8221;#FFFFFF&#8221; text_font_size=&#8221;36px&#8221; header_text_color=&#8221;#006CA7&#8243; header_font_size=&#8221;24px&#8221; header_2_font=&#8221;|600|||||||&#8221; header_2_text_color=&#8221;#FFFFFF&#8221; header_2_font_size=&#8221;35px&#8221; text_orientation=&#8221;right&#8221; custom_padding=&#8221;0px||0px||false|false&#8221; global_colors_info=&#8221;{}&#8221;]<\/p>\n<h2>R\u00c9SOLUTION DE PROBL\u00c8MES<\/h2>\n<p>[\/et_pb_text][et_pb_text _builder_version=&#8221;4.25.1&#8243; _module_preset=&#8221;default&#8221; text_text_color=&#8221;#FFFFFF&#8221; text_orientation=&#8221;right&#8221; custom_margin=&#8221;||||false|false&#8221; custom_padding=&#8221;||||false|false&#8221; global_colors_info=&#8221;{}&#8221;]<\/p>\n<p>Dans le domaine de la R&#038;D, nous apportons des solutions aux applications et aux probl\u00e8mes qui se pr\u00e9sentent dans les projets de nos clients, aussi bien dans les nouvelles applications que dans les proc\u00e9d\u00e9s d\u00e9j\u00e0 consolid\u00e9s.<\/p>\n<p>[\/et_pb_text][\/et_pb_column][\/et_pb_row][\/et_pb_section][et_pb_section fb_built=&#8221;1&#8243; _builder_version=&#8221;4.23&#8243; _module_preset=&#8221;default&#8221; custom_padding=&#8221;40px||0px||false|false&#8221; da_disable_devices=&#8221;off|off|off&#8221; locked=&#8221;off&#8221; global_colors_info=&#8221;{}&#8221; da_is_popup=&#8221;off&#8221; da_exit_intent=&#8221;off&#8221; da_has_close=&#8221;on&#8221; da_alt_close=&#8221;off&#8221; da_dark_close=&#8221;off&#8221; da_not_modal=&#8221;on&#8221; da_is_singular=&#8221;off&#8221; da_with_loader=&#8221;off&#8221; da_has_shadow=&#8221;on&#8221;][et_pb_row _builder_version=&#8221;4.23&#8243; _module_preset=&#8221;default&#8221; custom_margin=&#8221;0px||||false|false&#8221; custom_padding=&#8221;0px||0px||false|false&#8221; global_colors_info=&#8221;{}&#8221;][et_pb_column type=&#8221;4_4&#8243; _builder_version=&#8221;4.23&#8243; _module_preset=&#8221;default&#8221; global_colors_info=&#8221;{}&#8221;][et_pb_text _builder_version=&#8221;4.25.1&#8243; _module_preset=&#8221;default&#8221; header_2_text_color=&#8221;#006CA7&#8243; header_2_font_size=&#8221;32px&#8221; locked=&#8221;off&#8221; global_colors_info=&#8221;{}&#8221;]<\/p>\n<h2><span data-metadata=\"&lt;!--(figmeta)eyJmaWxlS2V5IjoiVEc1d2lNVW55c2RqZGpac29wSHQ2dyIsInBhc3RlSUQiOjIxMzIzMzI4MzksImRhdGFUeXBlIjoic2NlbmUifQo=(\/figmeta)--&gt;\"><\/span><span>PAGES <strong>ASSOCI\u00c9ES<\/strong><\/span><\/h2>\n<p>[\/et_pb_text][\/et_pb_column][\/et_pb_row][et_pb_row column_structure=&#8221;1_3,1_3,1_3&#8243; use_custom_gutter=&#8221;on&#8221; gutter_width=&#8221;1&#8243; _builder_version=&#8221;4.23&#8243; _module_preset=&#8221;default&#8221; width=&#8221;90%&#8221; custom_margin=&#8221;0px||||false|false&#8221; custom_padding=&#8221;0px||0px||false|false&#8221; locked=&#8221;off&#8221; global_colors_info=&#8221;{}&#8221;][et_pb_column type=&#8221;1_3&#8243; _builder_version=&#8221;4.21.0&#8243; _module_preset=&#8221;default&#8221; global_colors_info=&#8221;{}&#8221;][et_pb_blurb title=&#8221;PROC\u00c9D\u00c9S DE QUALIT\u00c9&#8221; url=&#8221;@ET-DC@eyJkeW5hbWljIjp0cnVlLCJjb250ZW50IjoicG9zdF9saW5rX3VybF9wYWdlIiwic2V0dGluZ3MiOnsicG9zdF9pZCI6IjE5MTI1In19@&#8221; image=&#8221;https:\/\/dev.bralo.com\/wp-content\/uploads\/2023\/10\/procesos-de-calidad.webp&#8221; alt=&#8221;Procesos de calidad&#8221; image_icon_width=&#8221;92%&#8221; module_class=&#8221;alinear-horizontalmente&#8221; _builder_version=&#8221;4.25.1&#8243; _dynamic_attributes=&#8221;url&#8221; _module_preset=&#8221;default&#8221; header_text_align=&#8221;center&#8221; header_text_color=&#8221;#006CA7&#8243; image_icon_custom_margin=&#8221;|10px|-10px|10px|false|true&#8221; image_icon_custom_padding=&#8221;||||true|false&#8221; custom_margin=&#8221;17px||50px||false|false&#8221; animation=&#8221;off&#8221; custom_css_main_element=&#8221;display: inline-block!important;&#8221; border_color_all=&#8221;#006CA7&#8243; border_width_all_image=&#8221;1px&#8221; border_color_all_image=&#8221;#006CA7&#8243; locked=&#8221;off&#8221; global_colors_info=&#8221;{}&#8221;][\/et_pb_blurb][\/et_pb_column][et_pb_column type=&#8221;1_3&#8243; _builder_version=&#8221;4.21.0&#8243; _module_preset=&#8221;default&#8221; custom_padding=&#8221;||||false|false&#8221; global_colors_info=&#8221;{}&#8221;][et_pb_blurb title=&#8221;RSC ET ENVIROMENT&#8221; url=&#8221;@ET-DC@eyJkeW5hbWljIjp0cnVlLCJjb250ZW50IjoicG9zdF9saW5rX3VybF9wYWdlIiwic2V0dGluZ3MiOnsicG9zdF9pZCI6IjE4ODc1In19@&#8221; image=&#8221;https:\/\/dev.bralo.com\/wp-content\/uploads\/2023\/10\/responsabilidad-social-medioambiente-relacionado-remaches-bralo.jpg&#8221; image_icon_width=&#8221;92%&#8221; module_class=&#8221;alinear-horizontalmente&#8221; _builder_version=&#8221;4.25.1&#8243; _dynamic_attributes=&#8221;url&#8221; _module_preset=&#8221;default&#8221; header_text_align=&#8221;center&#8221; header_text_color=&#8221;#006CA7&#8243; image_icon_custom_margin=&#8221;|10px|-10px|10px|false|true&#8221; image_icon_custom_padding=&#8221;||||true|false&#8221; custom_margin=&#8221;17px||50px||false|false&#8221; animation=&#8221;off&#8221; custom_css_main_element=&#8221;display: inline-block!important;&#8221; border_color_all=&#8221;#006CA7&#8243; border_width_all_image=&#8221;1px&#8221; border_color_all_image=&#8221;#006CA7&#8243; locked=&#8221;off&#8221; global_colors_info=&#8221;{}&#8221;][\/et_pb_blurb][\/et_pb_column][et_pb_column type=&#8221;1_3&#8243; _builder_version=&#8221;4.21.0&#8243; _module_preset=&#8221;default&#8221; custom_padding=&#8221;|0px|||false|false&#8221; global_colors_info=&#8221;{}&#8221;][et_pb_blurb title=&#8221;PROC\u00c9D\u00c9S INTERNES&#8221; url=&#8221;https:\/\/dev.bralo.com\/fr\/services\/procedes-internes\/&#8221; image=&#8221;https:\/\/dev.bralo.com\/wp-content\/uploads\/2023\/10\/processos-internos-1.webp&#8221; alt=&#8221;processos internos&#8221; image_icon_width=&#8221;92%&#8221; module_class=&#8221;alinear-horizontalmente&#8221; _builder_version=&#8221;4.27.2&#8243; _module_preset=&#8221;default&#8221; header_text_align=&#8221;center&#8221; header_text_color=&#8221;#006CA7&#8243; image_icon_custom_margin=&#8221;|10px|-10px|10px|false|true&#8221; image_icon_custom_padding=&#8221;||||true|false&#8221; custom_margin=&#8221;17px||50px||false|false&#8221; animation=&#8221;off&#8221; hover_enabled=&#8221;0&#8243; custom_css_main_element=&#8221;display: inline-block!important;&#8221; border_color_all=&#8221;#006CA7&#8243; border_width_all_image=&#8221;1px&#8221; border_color_all_image=&#8221;#006CA7&#8243; locked=&#8221;off&#8221; global_colors_info=&#8221;{}&#8221; sticky_enabled=&#8221;0&#8243;][\/et_pb_blurb][\/et_pb_column][\/et_pb_row][\/et_pb_section]<\/p>\n","protected":false},"excerpt":{"rendered":"<p>INNOVATION BRALO \u00c0 LA POINTE Notre vision est d&#8217;\u00eatre une entreprise innovante et notre objectif est d&#8217;\u00eatre une r\u00e9f\u00e9rence technologique dans les secteurs dans lesquels nous op\u00e9rons. BRALO croit en la capacit\u00e9 d&#8217;innovation technologique, de recherche et d\u2019\u00e9laboration en tant qu&#8217;outils n\u00e9cessaires pour s&#8217;adapter \u00e0 l&#8217; \u00e9volution globale des nouveaux march\u00e9s.PROFESSIONNELS SP\u00c9CIALIS\u00c9SL&#8217;innovation technologique chez BRALO [&hellip;]<\/p>\n","protected":false},"author":1,"featured_media":0,"parent":18997,"menu_order":0,"comment_status":"closed","ping_status":"closed","template":"","meta":{"_acf_changed":false,"_et_pb_use_builder":"on","_et_pb_old_content":"","_et_gb_content_width":"","rank_math_lock_modified_date":false,"inline_featured_image":false,"footnotes":""},"class_list":["post-19124","page","type-page","status-publish","hentry"],"acf":[],"_links":{"self":[{"href":"https:\/\/dev.bralo.com\/fr\/wp-json\/wp\/v2\/pages\/19124","targetHints":{"allow":["GET"]}}],"collection":[{"href":"https:\/\/dev.bralo.com\/fr\/wp-json\/wp\/v2\/pages"}],"about":[{"href":"https:\/\/dev.bralo.com\/fr\/wp-json\/wp\/v2\/types\/page"}],"author":[{"embeddable":true,"href":"https:\/\/dev.bralo.com\/fr\/wp-json\/wp\/v2\/users\/1"}],"replies":[{"embeddable":true,"href":"https:\/\/dev.bralo.com\/fr\/wp-json\/wp\/v2\/comments?post=19124"}],"version-history":[{"count":14,"href":"https:\/\/dev.bralo.com\/fr\/wp-json\/wp\/v2\/pages\/19124\/revisions"}],"predecessor-version":[{"id":23803,"href":"https:\/\/dev.bralo.com\/fr\/wp-json\/wp\/v2\/pages\/19124\/revisions\/23803"}],"up":[{"embeddable":true,"href":"https:\/\/dev.bralo.com\/fr\/wp-json\/wp\/v2\/pages\/18997"}],"wp:attachment":[{"href":"https:\/\/dev.bralo.com\/fr\/wp-json\/wp\/v2\/media?parent=19124"}],"curies":[{"name":"wp","href":"https:\/\/api.w.org\/{rel}","templated":true}]}}