{"id":25634,"date":"2024-02-14T10:30:50","date_gmt":"2024-02-14T10:30:50","guid":{"rendered":"https:\/\/bralo.com\/cookies-politik\/"},"modified":"2024-12-11T15:34:24","modified_gmt":"2024-12-11T15:34:24","slug":"cookies-politik","status":"publish","type":"page","link":"https:\/\/dev.bralo.com\/de\/cookies-politik\/","title":{"rendered":"Cookies Politik"},"content":{"rendered":"<p>[et_pb_section fb_built=&#8221;1&#8243; _builder_version=&#8221;4.21.0&#8243; _module_preset=&#8221;default&#8221; da_disable_devices=&#8221;off|off|off&#8221; global_colors_info=&#8221;{}&#8221; da_is_popup=&#8221;off&#8221; da_exit_intent=&#8221;off&#8221; da_has_close=&#8221;on&#8221; da_alt_close=&#8221;off&#8221; da_dark_close=&#8221;off&#8221; da_not_modal=&#8221;on&#8221; da_is_singular=&#8221;off&#8221; da_with_loader=&#8221;off&#8221; da_has_shadow=&#8221;on&#8221;][et_pb_row column_structure=&#8221;1_5,3_5,1_5&#8243; _builder_version=&#8221;4.21.0&#8243; _module_preset=&#8221;default&#8221; global_colors_info=&#8221;{}&#8221;][et_pb_column type=&#8221;1_5&#8243; _builder_version=&#8221;4.21.0&#8243; _module_preset=&#8221;default&#8221; global_colors_info=&#8221;{}&#8221;][\/et_pb_column][et_pb_column type=&#8221;3_5&#8243; _builder_version=&#8221;4.21.0&#8243; _module_preset=&#8221;default&#8221; global_colors_info=&#8221;{}&#8221;][et_pb_text _builder_version=&#8221;4.25.1&#8243; _module_preset=&#8221;default&#8221; header_text_color=&#8221;#006CA7&#8243; header_2_text_color=&#8221;#006CA7&#8243; header_2_font_size=&#8221;21px&#8221; header_3_font=&#8221;|600|||||||&#8221; header_3_font_size=&#8221;18px&#8221; hover_enabled=&#8221;0&#8243; global_colors_info=&#8221;{}&#8221; sticky_enabled=&#8221;0&#8243;]<\/p>\n<h1 style=\"text-align: center;\">COOKIES POLITIK (<a href=\"https:\/\/dev.bralo.com\/de\/\">https:\/\/dev.bralo.com\/<\/a>)<\/h1>\n<p>&nbsp;<\/p>\n<p>In \u00dcbereinstimmung mit des Gesetzes 34\/2002. Juli \u00fcber die Dienste der Informationsgesellschaft und den elektronischen Handel (LSSICE) werden die folgenden rechtlichen Aspekte der Website dargelegt:<\/p>\n<table>\n<tbody>\n<tr>\n<td><span style=\"font-weight: 400;\">Web:<\/span><\/td>\n<td><span style=\"font-weight: 400;\"><a href=\"https:\/\/dev.bralo.com\/de\/\">https:\/\/dev.bralo.com\/<\/a><\/span><span style=\"font-weight: 400;\"> <\/span><\/td>\n<\/tr>\n<tr>\n<td><span style=\"font-weight: 400;\">Besitzer:<\/span><\/td>\n<td><b> BRALO, S.A.<\/b><\/td>\n<\/tr>\n<tr>\n<td><span style=\"font-weight: 400;\">Anschrift:<\/span><\/td>\n<td><span style=\"font-weight: 400;\">C\/ Milanos 12, P.I. La Estaci\u00f3n. 28320-Pinto <\/span><\/td>\n<\/tr>\n<tr>\n<td><span style=\"font-weight: 400;\">C.I.F.:<\/span><\/td>\n<td><span style=\"font-weight: 400;\">A78105822<\/span><\/td>\n<\/tr>\n<tr>\n<td><span style=\"font-weight: 400;\">Telefon:<\/span><\/td>\n<td><span style=\"font-weight: 400;\">916928285<\/span><\/td>\n<\/tr>\n<tr>\n<td><span style=\"font-weight: 400;\">E-mail:<\/span><\/td>\n<td><span style=\"font-weight: 400;\"><a href=\"mailto:bralo@bralo.es\">bralo@bralo.es<\/a><\/span><span style=\"font-weight: 400;\"> <\/span><\/td>\n<\/tr>\n<tr>\n<td><span style=\"font-weight: 400;\">Registerdaten:<\/span><\/td>\n<td><span style=\"font-weight: 400;\">Reg. mercantil de Madrid n\u00ba 3. Tomo 332, Gral. 301, Folio 54, n\u00ba 62245.3. Inscripci\u00f3n 1\u00ba  <\/span><\/td>\n<\/tr>\n<\/tbody>\n<\/table>\n<p>BRALO, S. A. kann \u00fcber Cookies oder Protokolldateien Informationen \u00fcber die Suchgewohnheiten der Nutzerinnen und Nutzer der Website sammeln. Cookies werden nicht verwendet, um pers\u00f6nliche Informationen zu sammeln. Sie werden nur dann installiert, wenn die Nutzerin oder der Nutzer auf unserer Website bleibt und weiter surft, wobei sie oder er sich mit ihrer Verwendung und Installation einverstanden erkl\u00e4rt. Nachstehend finden Sie ausf\u00fchrliche Informationen dar\u00fcber, was &#8220;Cookies&#8221; sind, welche Art von Cookies diese Website verwendet, wie Sie sie im Browser deaktivieren k\u00f6nnen und wie Sie die Installation von Cookies Dritter gezielt blockieren k\u00f6nnen.   <\/p>\n<h2>1) WAS SIND COOKIES?<\/h2>\n<p>Cookies sind kleine Textdateien, die von den Webseiten, die die Nutzerin oder die Nutzerin oder der Nutzer besucht, erzeugt werden und Sitzungsdaten enthalten, die sp\u00e4ter auf der Webseite n\u00fctzlich sein k\u00f6nnen. Die Daten erm\u00f6glichen es der Website, Ihre Informationen zwischen den Seiten zu verwalten und zu analysieren, wie Sie mit der Website interagieren. <\/p>\n<p>Cookies sind sicher, da sie nur die Informationen speichern k\u00f6nnen, die vom Browser gesetzt wurden, die Informationen, die die Nutzerin oder der Nutzer in den Browser eingegeben hat oder die in der Seitenanfrage enthalten sind. Sie k\u00f6nnen keinen Code ausf\u00fchren und nicht f\u00fcr den Zugriff auf den Computer der Benutzerin oder des Benutzers verwendet werden. <\/p>\n<p>Cookies sind f\u00fcr das Funktionieren des Internets unerl\u00e4sslich und bieten zahllose Vorteile bei der Bereitstellung interaktiver Dienste, die die Navigation und die Benutzerfreundlichkeit von Webseiten erleichtern. Cookies k\u00f6nnen die Ger\u00e4te nicht besch\u00e4digen und ihre Aktivierung hilft, Fehler zu erkennen und zu beheben. <\/p>\n<p>Die durch Cookies gesammelten Informationen k\u00f6nnen das Datum und die Uhrzeit der Besuche auf der Website, die aufgerufenen Seiten, die auf der Website verbrachte Zeit und die unmittelbar vor und nach der Website besuchten Websites umfassen. Allerdings erlaubt kein Cookie die Kontaktaufnahme mit der Telefonnummer der Nutzerin oder des Nutzers oder einer anderen Form der pers\u00f6nlichen Kontaktaufnahme. Kein Cookie kann Informationen von der Festplatte der Benutzerin oder des Benutzers extrahieren oder pers\u00f6nliche Daten stehlen. Die einzige M\u00f6glichkeit f\u00fcr die Benutzerin oder den Benutzer, private Informationen in die Cookie-Datei aufzunehmen, besteht darin, dass die Benutzerin oder der Benutzer diese Informationen pers\u00f6nlich an den Server weitergibt.   <\/p>\n<p>Cookies, die die Identifizierung einer Person erm\u00f6glichen, gelten als personenbezogene Daten. Daher gilt f\u00fcr sie die oben beschriebene Datenschutzrichtlinie. In diesem Sinne ist die Zustimmung der Nutzerin oder des Nutzers f\u00fcr ihre Verwendung erforderlich. Diese Zustimmung wird auf der Grundlage einer echten Wahl, die durch eine zustimmende Entscheidung getroffen wurde, vor der ersten wieder r\u00fccknehmbaren und dokumentierten Behandlung erteilt.   <\/p>\n<h2>2) WAS SIND SKRIPTE?<\/h2>\n<p>Ein Skript ist ein Fragment von Programmcode, der dazu dient, dass unsere Website korrekt und interaktiv funktioniert. Dieser Code l\u00e4uft auf unserem Server oder auf Ihrem Ger\u00e4t. <\/p>\n<h2>3) ARTEN VON COOKIES.<\/h2>\n<p>Nachstehend finden Sie weitere Informationen, so dass Sie die verschiedenen Arten von Cookies, die verwendet werden k\u00f6nnen, besser verstehen k\u00f6nnen:<\/p>\n<h3>Nach Eigentumsverh\u00e4ltnis.<\/h3>\n<p><strong>Eigene Cookies:<\/strong> sind solche, die an das Endger\u00e4t der Benutzerin oder des Benutzers von einem Computer oder einer Dom\u00e4ne gesendet werden, die vom Herausgeber selbst verwaltet wird und von der aus der von der Benutzerin oder dem Benutzer angeforderte Dienst bereitgestellt wird. <\/p>\n<p><strong>Cookies von Dritten:<\/strong> sind solche, die an das Endger\u00e4t der Benutzerin oder des Benutzers von einem Computer oder einer Dom\u00e4ne gesendet werden, die nicht vom Herausgeber, sondern von einer anderen Einheit verwaltet wird, die die durch Cookies erhaltenen Daten verarbeitet.<\/p>\n<h3>Je nach ihrem Zweck.<\/h3>\n<p><strong>Technische Cookies (notwendig): <\/strong>Technische Cookies sind solche, die f\u00fcr das ordnungsgem\u00e4\u00dfe Funktionieren eines Webportals und die Nutzung der verschiedenen Optionen und Dienste, die es bietet, unerl\u00e4sslich und unbedingt notwendig sind.<\/p>\n<p>Zum Beispiel solche, die dem Session Management, der Verwaltung von Antwortzeiten, der Performance, etc. dienen.<\/p>\n<p><strong>Pr\u00e4ferenz- oder Personalisierungs-Cookies: <\/strong>Diese erm\u00f6glichen es der Benutzerin oder dem Benutzer, sich Informationen zu merken, damit er auf den Dienst mit bestimmten Merkmalen zugreifen kann, die seine Erfahrung von der anderer Benutzerinnen und Benutzer unterscheiden k\u00f6nnen, wie z. B. die Sprache, die Anzahl der Ergebnisse, die angezeigt werden, wenn die Benutzerin oder der Benutzer eine Suche durchf\u00fchrt, das Aussehen oder der Inhalt des Dienstes in Abh\u00e4ngigkeit von der Art des Browsers, \u00fcber den die Nutzerin oder der Nutzer auf den Dienst zugreift, oder der Region, aus der die Nutzerin oder der Nutzer auf den Dienst zugreift, etc.<\/p>\n<p><strong>Analytische Cookies:<\/strong> Diese erm\u00f6glichen es der verantwortlichen Person, das Verhalten der Nutzerinnen und Nutzer der Websites, mit denen sie verbunden sind, zu beobachten und zu analysieren, einschlie\u00dflich der Quantifizierung der Auswirkungen der Werbung. Die durch diese Art von Cookies gesammelten Informationen werden verwendet, um die Aktivit\u00e4t der Websites, Anwendungen oder Plattformen zu messen, um auf der Grundlage der Analyse der von der Nutzerin oder dem Nutzer des Dienstes gemachten Angaben Verbesserungen vorzunehmen. <\/p>\n<p><strong>Cookies f\u00fcr verhaltensbasierte Werbung:<\/strong> Diese speichern Informationen \u00fcber das Nutzerverhalten, die durch kontinuierliche Beobachtung der Surfgewohnheiten gewonnen werden, um die Entwicklung eines spezifischen Profils zu erm\u00f6glichen, um darauf basierende Werbung anzuzeigen.<\/p>\n<h3>Nach Deadline.<\/h3>\n<p><strong>Sitzungscookies:<\/strong> Diese sind dazu bestimmt, Daten zu sammeln und zu speichern, w\u00e4hrend die Nutzerin oder der Nutzer eine Webseite aufruft. Sie werden in der Regel verwendet, um Informationen zu speichern, die nur f\u00fcr die Erbringung des von der Nutzerin oder dem Nutzer angeforderten Dienstes von Interesse sind (z. B. eine Liste der gekauften Produkte), und verschwinden, wenn die Sitzung endet. <\/p>\n<p><strong>Dauerhafte Cookies: <\/strong>sind solche, bei denen die Daten weiterhin im Endger\u00e4t gespeichert werden und f\u00fcr einen vom Verantwortlichen f\u00fcr die Cookies festgelegten Zeitraum, der von einigen Minuten bis zu mehreren Jahren reichen kann, abgerufen und verarbeitet werden k\u00f6nnen.<\/p>\n<h3>Eigene Cookies.<\/h3>\n<p>Es handelt sich um Cookies, die an den Computer oder das Ger\u00e4t der Nutzerin oder des Nutzers gesendet und ausschlie\u00dflich von BRALO, S. A. f\u00fcr das optimale Funktionieren der Website verwaltet werden. Die gesammelten Informationen werden verwendet, um die Qualit\u00e4t der Website und ihres Inhalts, sowie Ihre Erfahrungen als Nutzerin oder Nutzer zu verbessern. Diese Cookies erm\u00f6glichen es uns, die Nutzerin oder den Nutzer als wiederkehrenden Besucher der Website zu erkennen und die Inhalte so anzupassen, dass sie seinen Vorlieben entsprechen.  <\/p>\n<ul>\n<li>_wpdm_client: Ist ein notwendiges Cookie. Es wird erstellt, um die Optionen und Dienste der Website nutzen zu k\u00f6nnen. Sitzungsdauer. <\/li>\n<li>_gid: Ist ein Google Analytics Cookie, persistent und analytisch. Sie wird verwendet, um denselben Benutzer f\u00fcr einen einzigen Tag zu identifizieren. Dauer 1 Tag. Es ist ein analytisches Cookie.   <\/li>\n<li>_ga: Ist ein Google Analytics Cookie, persistent und analytisch. Es wird verwendet, um eindeutige Besuche zu verfolgen, wobei f\u00fcr jede Nutzerin und jeden Nutzer eine Kennung gespeichert wird, um die von ihm vorgenommenen Interaktionen zu berechnen und so die angebotenen Dienste zu optimieren. Dauer 2 Jahre. Es ist ein analytisches Cookie.   <\/li>\n<li>pll_language: Hierbei handelt es sich um ein technisches Cookie. Dieses Cookie ist typisch f\u00fcr die Tools, mit denen die Website entwickelt wurde, es speichert die bei der Navigation gew\u00e4hlte Sprache. Dauer 1 Jahr.  <\/li>\n<li>_ga_FSXHXV5M1N: : Ist ein persistentes und analytisches Cookie von Google Analytics. Es wird verwendet, um denselben Benutzer f\u00fcr einen einzigen Tag zu identifizieren. Dauer 1 Jahr. Es ist ein analytisches Cookie.   <\/li>\n<li>SL_C_23361dd035530_SID: Es handelt sich um ein technisches Cookie, das f\u00fcr die normale Entwicklung der Website erforderlich ist. Dauer 1 Jahr. <\/li>\n<li>DSID: Wird verwendet, um einen Nutzer zu identifizieren, der in seinem Google-Konto angemeldet ist, aber Websites von Drittanbietern besucht, und um sich zu merken, ob der Nutzer der personalisierten Werbung zugestimmt hat. Dieses Cookie ist 2 Wochen haltbar. <\/li>\n<li>ar_debug: ist DoubleClicks eigenes Cookie. Dauer 1 Monat. <\/li>\n<li>ID: Das \u201eID\u201c-Cookie ist eine eindeutige Kennung, die einem bestimmten Benutzer oder Ger\u00e4t beim Besuch einer Website zugewiesen wird. Dieses Cookie kann verschiedenen Zwecken dienen, z. B. der Verfolgung der Benutzeraktivit\u00e4t, der Aufrechterhaltung des Anmeldestatus oder der Personalisierung des Benutzererlebnisses auf der Website. Seine Dauer ist variabel.  <\/li>\n<\/ul>\n<h3>Cookies von Drittanbietern<\/h3>\n<p>Die Website erzeugt keine Cookies von Dritten.<\/p>\n<p>BRALO, S. A. Sie enth\u00e4lt keine Links oder Plugins, die auf Social Media Webseiten weiterleiten oder Inhalte teilen.<\/p>\n<h2>4) VERANTWORTLICH F\u00dcR DIE VERARBEITUNG VON COOKIES.<\/h2>\n<p>Der Inhaber der Website und die \/ der Verantwortliche f\u00fcr die Verarbeitung der hier verwendeten Cookies sowie die jeweiligen Kontaktinformationen sind im rechtlichen Hinweis auf dieser Seite zu finden. Ebenso k\u00f6nnen Cookies von Dritten vorhanden sein, die nicht der Eigent\u00fcmer dieser Website sind, wie sp\u00e4ter erkl\u00e4rt wird. <\/p>\n<h2>5) LEGITIMATION F\u00dcR DIE VERWENDUNG VON COOKIES.<\/h2>\n<p>Im Falle der technischen Cookies, d. h. derjenigen, die f\u00fcr die Navigation auf dieser Website und die Inanspruchnahme der angebotenen Dienste unerl\u00e4sslich sind, ist die Rechtsgrundlage f\u00fcr ihre Verwendung die Vereinbarung, mit der Sie sich f\u00fcr die Nutzung dieser Website und die Inanspruchnahme ihrer Dienste entscheiden.<\/p>\n<p>Die Rechtsgrundlage f\u00fcr die Verwendung der \u00fcbrigen Cookies ist die Zustimmung der Nutzerin oder des Nutzers, die beim Zugriff auf diese Website eingeholt wird und jederzeit widerrufen werden kann. Der Widerruf dieser Zustimmung hat keinen Einfluss auf die M\u00f6glichkeit, diese Website zu besuchen und ihre Dienste zu nutzen, aber die zuvor durchgef\u00fchrte Datenverarbeitung verliert nicht ihre Rechtm\u00e4\u00dfigkeit aufgrund der Tatsache, dass die Zustimmung widerrufen wurde. <\/p>\n<h2>6) ZUSTIMMUNG<\/h2>\n<p>Die Nutzerin oder der Nutzer muss die Verwendung der zuvor angek\u00fcndigten Cookies ausdr\u00fccklich und aktiv akzeptieren, und zwar f\u00fcr die oben angegebenen Zeitr\u00e4ume und unter den in dieser Cookie-Politik enthaltenen Bedingungen.<\/p>\n<h2>7) WIDERRUF DER ZUSTIMMUNG<\/h2>\n<p>Die Nutzerin oder der Nutzer kann seine Zustimmung zu dieser Cookie-Richtlinie jederzeit widerrufen und muss daher die auf seinem Computer gespeicherten Cookies \u00fcber die Einstellungen und Konfigurationen seines Internetbrowsers l\u00f6schen.<\/p>\n<h2>8) DIE RECHTE DER BETROFFENEN PARTEI<\/h2>\n<p>Die meisten Cookies sammeln anonyme Informationen, die keine R\u00fcckschl\u00fcsse auf die Identit\u00e4t des Nutzers zulassen, obwohl einige der enthaltenen Codes dazu dienen, den Browser des verwendeten Ger\u00e4ts zu identifizieren oder zu individualisieren und es k\u00f6nnen Vorschriften zum Datenschutz gelten, pers\u00f6nliche Informationen. Daher informieren wir Sie, dass die durch Cookies erhaltenen Informationen f\u00fcr die in dieser Cookie-Politik angegebenen Zwecke behandelt werden. Ebenso werden diese Informationen auch von den Unternehmen verarbeitet, die Cookies f\u00fcr die in ihren jeweiligen Datenschutzrichtlinien angegebenen Zwecke bereitstellen.  <\/p>\n<p>Da diese Codes jedoch keine Identifizierung der Nutzerin oder des Nutzers erm\u00f6glichen, sind die in den Datenschutzbestimmungen anerkannten Rechte auf Zugang, Berichtigung, L\u00f6schung, Widerspruch, Einschr\u00e4nkung und \u00dcbertragbarkeit nicht anwendbar, es sei denn, die Nutzerin oder der Nutzer ist in der Lage, zus\u00e4tzliche Informationen zur Verf\u00fcgung zu stellen, die es Ihnen erm\u00f6glichen, Ihre Identit\u00e4t mit den Identifizierungscodes Ihrer Cookies zu verbinden.<\/p>\n<p>Wenn Sie der Meinung sind, dass Ihr Recht auf Datenschutz verletzt wurde, k\u00f6nnen Sie eine Beschwerde bei der spanischen Datenschutzbeh\u00f6rde einreichen (www.aepd.es) oder bei unserer \/ unserem Datenschutzbeauftragten unter der folgenden E-Mail-Adresse bralo@bralo.es .<\/p>\n<p>Andererseits informieren wir Sie dar\u00fcber, dass einige unserer Lieferanten, Partner und Mitarbeiter in den Vereinigten Staaten oder anderen L\u00e4ndern ans\u00e4ssig sein k\u00f6nnen, deren Gesetzgebung kein dem europ\u00e4ischen gleichwertiges Datenschutzniveau bietet. Indem Sie der Verwendung von Cookies und der gemeinsamen Nutzung von Daten zustimmen, erkl\u00e4ren Sie sich mit der \u00dcbermittlung Ihrer personenbezogenen Daten einverstanden. <\/p>\n<h2>9) COOKIE-VERWALTUNG: Erg\u00e4nzende Garantien.<\/h2>\n<p>Alle Internet-Browser erm\u00f6glichen es Ihnen, das Verhalten eines Cookies einzuschr\u00e4nken oder Cookies in den Einstellungen oder Optionen des Browsers zu deaktivieren. Die Schritte dazu sind f\u00fcr jeden Browser unterschiedlich, und Anweisungen finden Sie im Hilfemen\u00fc des jeweiligen Browsers. <br \/>Bei vielen Browsern k\u00f6nnen Sie einen privaten Modus aktivieren, durch den Cookies nach dem Besuch immer gel\u00f6scht werden. Je nach Browser kann dieser private Modus unterschiedliche Namen haben. Nachfolgend finden Sie eine Liste der g\u00e4ngigsten Browser mit einem Link zu den Cookie-Einstellungen und den verschiedenen Bezeichnungen f\u00fcr diesen &#8220;privaten Modus&#8221;:   <\/p>\n<ul>\n<li>Internet Explorer: <a href=\"http:\/\/windows.microsoft.com\/es-xl\/internet-explorer\/delete-manage-cookies#ie=ie-11\" rel=\"nofollow noopener\" target=\"_blank\">http:\/\/windows.microsoft.com\/es-xl\/internet-explorer\/delete-manage-cookies#ie=ie-11<\/a><\/li>\n<li>FireFox: <a href=\"https:\/\/support.mozilla.org\/es\/kb\/Borrarcookies\" rel=\"nofollow noopener\" target=\"_blank\">https:\/\/support.mozilla.org\/es\/kb\/Borrarcookies<\/a><\/li>\n<li>Chrome: <a href=\"https:\/\/support.google.com\/chrome\/answer\/95647?hl=es\" rel=\"nofollow noopener\" target=\"_blank\">https:\/\/support.google.com\/chrome\/answer\/95647?hl=es<\/a><\/li>\n<li>Safari: <a href=\"http:\/\/www.apple.com\/legal\/privacy\/es\/cookies\/\" rel=\"nofollow noopener\" target=\"_blank\">http:\/\/www.apple.com\/legal\/privacy\/es\/cookies\/<\/a><\/li>\n<li>Opera: <a href=\"https:\/\/help.opera.com\/en\/latest\/security-and-privacy\/\" rel=\"nofollow noopener\" target=\"_blank\">https:\/\/help.opera.com\/en\/latest\/security-and-privacy\/<\/a><\/li>\n<li>Safari para iOS (dispositivos iPhone y iPad): <a href=\"http:\/\/help.opera.com\/Linux\/10.50\/en\/cookies.html\" rel=\"nofollow noopener\" target=\"_blank\">http:\/\/help.opera.com\/Linux\/10.50\/en\/cookies.html<\/a><\/li>\n<li>Chrome para Android: <a href=\"https:\/\/support.google.com\/chrome\/answer\/2392971?hl=es\" rel=\"nofollow noopener\" target=\"_blank\">https:\/\/support.google.com\/chrome\/answer\/2392971?hl=es<\/a><\/li>\n<li>Windows Phone: <a href=\"http:\/\/www.windowsphone.com\/es-es\/how-to\/wp7\/web\/changing-privacy-and-other-browser-\" rel=\"nofollow noopener\" target=\"_blank\">http:\/\/www.windowsphone.com\/es-es\/how-to\/wp7\/web\/changing-privacy-and-other-browser-<\/a><\/li>\n<\/ul>\n<p>Weitere Informationen zum L\u00f6schen, Deaktivieren oder Blockieren von Cookies finden Sie auch unter: <a href=\"http:\/\/www.aboutcookies.org\/Default.aspx?page=2\" rel=\"nofollow noopener\" target=\"_blank\">http:\/\/www.aboutcookies.org\/Default.aspx?page=2<\/a><\/p>\n<p>Wenn Cookies deaktiviert werden, k\u00f6nnen wir Ihre Pr\u00e4ferenzen nicht beibehalten und einige Funktionen der Website k\u00f6nnten nicht funktionieren, so dass wir Ihnen keine personalisierten Dienste anbieten k\u00f6nnen.<\/p>\n<h2>10) AKTUALISIERUNG DER COOKIE-RICHTLINIE<\/h2>\n<p>Diese Website kann diese Cookie-Richtlinie \u00e4ndern, daher empfehlen wir Ihnen, diese Richtlinie jedes Mal zu \u00fcberpr\u00fcfen, wenn Sie auf unsere Website zugreifen, damit Sie angemessen \u00fcber unsere Verwendung von Cookies informiert sind.<\/p>\n<p>Letzte \u00dcberarbeitung: 18\/03\/2024<\/p>\n<p>[\/et_pb_text][\/et_pb_column][et_pb_column type=&#8221;1_5&#8243; _builder_version=&#8221;4.21.0&#8243; _module_preset=&#8221;default&#8221; global_colors_info=&#8221;{}&#8221;][\/et_pb_column][\/et_pb_row][\/et_pb_section]<\/p>\n","protected":false},"excerpt":{"rendered":"<p>COOKIES POLITIK (https:\/\/dev.bralo.com\/) &nbsp; In \u00dcbereinstimmung mit des Gesetzes 34\/2002. Juli \u00fcber die Dienste der Informationsgesellschaft und den elektronischen Handel (LSSICE) werden die folgenden rechtlichen Aspekte der Website dargelegt: Web: https:\/\/dev.bralo.com\/ Besitzer: BRALO, S.A. Anschrift: C\/ Milanos 12, P.I. La Estaci\u00f3n. 28320-Pinto C.I.F.: A78105822 Telefon: 916928285 E-mail: bralo@bralo.es Registerdaten: Reg. mercantil de Madrid n\u00ba 3. [&hellip;]<\/p>\n","protected":false},"author":2,"featured_media":0,"parent":0,"menu_order":0,"comment_status":"closed","ping_status":"closed","template":"","meta":{"_acf_changed":false,"_et_pb_use_builder":"on","_et_pb_old_content":"","_et_gb_content_width":"","rank_math_lock_modified_date":false,"inline_featured_image":false,"footnotes":""},"class_list":["post-25634","page","type-page","status-publish","hentry"],"acf":[],"_links":{"self":[{"href":"https:\/\/dev.bralo.com\/de\/wp-json\/wp\/v2\/pages\/25634","targetHints":{"allow":["GET"]}}],"collection":[{"href":"https:\/\/dev.bralo.com\/de\/wp-json\/wp\/v2\/pages"}],"about":[{"href":"https:\/\/dev.bralo.com\/de\/wp-json\/wp\/v2\/types\/page"}],"author":[{"embeddable":true,"href":"https:\/\/dev.bralo.com\/de\/wp-json\/wp\/v2\/users\/2"}],"replies":[{"embeddable":true,"href":"https:\/\/dev.bralo.com\/de\/wp-json\/wp\/v2\/comments?post=25634"}],"version-history":[{"count":4,"href":"https:\/\/dev.bralo.com\/de\/wp-json\/wp\/v2\/pages\/25634\/revisions"}],"predecessor-version":[{"id":25916,"href":"https:\/\/dev.bralo.com\/de\/wp-json\/wp\/v2\/pages\/25634\/revisions\/25916"}],"wp:attachment":[{"href":"https:\/\/dev.bralo.com\/de\/wp-json\/wp\/v2\/media?parent=25634"}],"curies":[{"name":"wp","href":"https:\/\/api.w.org\/{rel}","templated":true}]}}