{"id":24163,"date":"2023-05-19T12:55:54","date_gmt":"2023-05-19T12:55:54","guid":{"rendered":"https:\/\/bralo.com\/dienstleistungen\/innovation\/"},"modified":"2024-11-11T21:14:55","modified_gmt":"2024-11-11T21:14:55","slug":"innovation","status":"publish","type":"page","link":"https:\/\/dev.bralo.com\/de\/dienstleistungen\/innovation\/","title":{"rendered":"Innovation"},"content":{"rendered":"<p>[et_pb_section fb_built=&#8221;1&#8243; _builder_version=&#8221;4.27.2&#8243; _module_preset=&#8221;default&#8221; background_color=&#8221;RGBA(255,255,255,0)&#8221; background_image=&#8221;https:\/\/dev.bralo.com\/wp-content\/uploads\/2023\/05\/innovacion.jpg&#8221; min_height=&#8221;300px&#8221; max_height=&#8221;301px&#8221; custom_margin=&#8221;0px||0px||false|false&#8221; custom_padding=&#8221;0px||0px||false|false&#8221; hover_enabled=&#8221;0&#8243; da_disable_devices=&#8221;off|off|off&#8221; global_colors_info=&#8221;{}&#8221; sticky_enabled=&#8221;0&#8243; da_is_popup=&#8221;off&#8221; da_exit_intent=&#8221;off&#8221; da_has_close=&#8221;on&#8221; da_alt_close=&#8221;off&#8221; da_dark_close=&#8221;off&#8221; da_not_modal=&#8221;on&#8221; da_is_singular=&#8221;off&#8221; da_with_loader=&#8221;off&#8221; da_has_shadow=&#8221;on&#8221;][et_pb_row custom_padding_last_edited=&#8221;on|phone&#8221; _builder_version=&#8221;4.23&#8243; _module_preset=&#8221;default&#8221; width_tablet=&#8221;&#8221; width_phone=&#8221;&#8221; width_last_edited=&#8221;on|phone&#8221; custom_margin=&#8221;0px||0px||true|false&#8221; custom_padding=&#8221;0px|8%|0px|8%|true|true&#8221; custom_padding_tablet=&#8221;10px||10px||true|true&#8221; custom_padding_phone=&#8221;0px|0px|0px|0px|true|true&#8221; global_colors_info=&#8221;{}&#8221;][et_pb_column type=&#8221;4_4&#8243; _builder_version=&#8221;4.20.4&#8243; _module_preset=&#8221;default&#8221; global_colors_info=&#8221;{}&#8221;][et_pb_text content_tablet=&#8221;<\/p>\n<h1>INNOVATION<\/h1>\n<p>BRALO AN VORDERSTER FRONT<\/p>\n<p>Unsere Vision ist es, ein <strong>innovatives Unternehmen<\/strong> zu sein und unser Ziel ist es, in den Sektoren, in denen wir t\u00e4tig sind, als eine <strong>technologische Referenz<\/strong> zu gelten. BRALO glaubt an die <strong>F\u00e4higkeit<\/strong> der technologischen Innovation, <strong>Forschung<\/strong> und <strong>Entwicklung<\/strong> als notwendige Instrumente, um zur <strong>globalen Entwicklung<\/strong> neuer M\u00e4rkte beizutragen. <\/p>\n<p>&#8221; content_phone=&#8221;<\/p>\n<h1 style=%22padding-top: 110px; padding-bottom: 15px;%22>INNOVATION<\/h1>\n<p style=%22padding-bottom: 100px!important;%22>BRALO AN VORDERSTER FRONT<\/p>\n<p style=%22color: black;%22>Unsere Vision ist es, ein <strong>innovatives Unternehmen<\/strong> zu sein und unser Ziel ist es, in den Sektoren, in denen wir t\u00e4tig sind, als eine <strong>technologische Referenz<\/strong> zu gelten. BRALO glaubt an die <strong>F\u00e4higkeit<\/strong> der technologischen Innovation, <strong>Forschung<\/strong> und <strong>Entwicklung<\/strong> als notwendige Instrumente, um zur <strong>globalen Entwicklung<\/strong> neuer M\u00e4rkte beizutragen. <\/p>\n<p>&#8221; content_last_edited=&#8221;on|phone&#8221; _builder_version=&#8221;4.27.0&#8243; _module_preset=&#8221;default&#8221; text_font=&#8221;|300|||||||&#8221; text_text_color=&#8221;#FFFFFF&#8221; text_line_height=&#8221;1.5em&#8221; header_text_color=&#8221;#FFFFFF&#8221; header_font_size=&#8221;45px&#8221; header_line_height=&#8221;2.2em&#8221; text_orientation=&#8221;center&#8221; custom_margin=&#8221;||||false|false&#8221; hover_enabled=&#8221;0&#8243; global_colors_info=&#8221;{}&#8221; sticky_enabled=&#8221;0&#8243;]<\/p>\n<h1>INNOVATION<\/h1>\n<p>BRALO AN VORDERSTER FRONT<\/p>\n<p>Unsere Vision ist es, ein <strong>innovatives Unternehmen<\/strong> zu sein und unser Ziel ist es, in den Sektoren, in denen wir t\u00e4tig sind, als eine <strong>technologische Referenz<\/strong> zu gelten. BRALO glaubt an die <strong>F\u00e4higkeit<\/strong> der technologischen Innovation, <strong>Forschung<\/strong> und <strong>Entwicklung<\/strong> als notwendige Instrumente, um zur <strong>globalen Entwicklung<\/strong> neuer M\u00e4rkte beizutragen. <\/p>\n<p>[\/et_pb_text][\/et_pb_column][\/et_pb_row][\/et_pb_section][et_pb_section fb_built=&#8221;1&#8243; module_id=&#8221;reveal1&#8243; _builder_version=&#8221;4.23&#8243; _module_preset=&#8221;default&#8221; background_image=&#8221;https:\/\/dev.bralo.com\/wp-content\/uploads\/2023\/04\/fondo-mosaico-tornillos.jpg&#8221; custom_margin=&#8221;||||false|false&#8221; custom_padding=&#8221;35px||35px||true|false&#8221; da_disable_devices=&#8221;off|off|off&#8221; global_colors_info=&#8221;{}&#8221; da_is_popup=&#8221;off&#8221; da_exit_intent=&#8221;off&#8221; da_has_close=&#8221;on&#8221; da_alt_close=&#8221;off&#8221; da_dark_close=&#8221;off&#8221; da_not_modal=&#8221;on&#8221; da_is_singular=&#8221;off&#8221; da_with_loader=&#8221;off&#8221; da_has_shadow=&#8221;on&#8221;][et_pb_row column_structure=&#8221;1_2,1_2&#8243; use_custom_gutter=&#8221;on&#8221; gutter_width=&#8221;1&#8243; make_equal=&#8221;on&#8221; admin_label=&#8221;Fila&#8221; _builder_version=&#8221;4.21.0&#8243; _module_preset=&#8221;default&#8221; background_enable_image=&#8221;off&#8221; width=&#8221;100%&#8221; width_tablet=&#8221;100%&#8221; width_phone=&#8221;100%&#8221; width_last_edited=&#8221;on|desktop&#8221; max_width=&#8221;100%&#8221; max_width_tablet=&#8221;100%&#8221; max_width_phone=&#8221;100%&#8221; max_width_last_edited=&#8221;on|desktop&#8221; custom_margin=&#8221;|auto|-29px|auto||&#8221; custom_padding=&#8221;0px||||false|false&#8221; custom_css_main_element=&#8221;display: flex;||flex-wrap: wrap;&#8221; locked=&#8221;off&#8221; global_colors_info=&#8221;{}&#8221;][et_pb_column type=&#8221;1_2&#8243; _builder_version=&#8221;4.21.0&#8243; _module_preset=&#8221;default&#8221; background_image=&#8221;https:\/\/dev.bralo.com\/wp-content\/uploads\/2023\/05\/profesionales.jpg&#8221; global_colors_info=&#8221;{}&#8221; custom_css_main_element_last_edited=&#8221;on|phone&#8221; custom_css_main_element_phone=&#8221;order: 2;&#8221;][et_pb_divider color=&#8221;RGBA(255,255,255,0)&#8221; _builder_version=&#8221;4.20.4&#8243; _module_preset=&#8221;default&#8221; height=&#8221;200px&#8221; global_colors_info=&#8221;{}&#8221;][\/et_pb_divider][\/et_pb_column][et_pb_column type=&#8221;1_2&#8243; _builder_version=&#8221;4.20.4&#8243; _module_preset=&#8221;default&#8221; background_color=&#8221;#FFFFFF&#8221; custom_padding=&#8221;100px|13%|120px|5%|false|false&#8221; custom_padding_tablet=&#8221;100px|13%|120px|5%|false|false&#8221; custom_padding_phone=&#8221;40px||40px||false|false&#8221; custom_padding_last_edited=&#8221;on|desktop&#8221; global_colors_info=&#8221;{}&#8221; custom_css_main_element_last_edited=&#8221;on|phone&#8221; custom_css_main_element_phone=&#8221;order: 1;&#8221;][et_pb_text _builder_version=&#8221;4.27.0&#8243; _module_preset=&#8221;default&#8221; text_font=&#8221;|700|||||||&#8221; text_text_color=&#8221;#006CA7&#8243; text_font_size=&#8221;36px&#8221; header_text_color=&#8221;#006CA7&#8243; header_font_size=&#8221;24px&#8221; header_2_font=&#8221;|600|||||||&#8221; header_2_text_color=&#8221;#006CA7&#8243; header_2_font_size=&#8221;35px&#8221; custom_padding=&#8221;0px||0px||false|false&#8221; custom_padding_tablet=&#8221;0px||0px||false|false&#8221; custom_padding_phone=&#8221;0px||0px|10px|false|false&#8221; custom_padding_last_edited=&#8221;on|phone&#8221; global_colors_info=&#8221;{}&#8221;]<\/p>\n<h2>SPEZIALISIERTE FACHLEUTE<\/h2>\n<p>[\/et_pb_text][et_pb_text _builder_version=&#8221;4.27.0&#8243; _module_preset=&#8221;default&#8221; custom_padding=&#8221;|20px|||false|false&#8221; custom_padding_tablet=&#8221;|20px|||false|false&#8221; custom_padding_phone=&#8221;|20px||10px|false|false&#8221; custom_padding_last_edited=&#8221;on|phone&#8221; global_colors_info=&#8221;{}&#8221;]<\/p>\n<p><strong>Die technologische Innovation bei BRALO schafft einen Mehrwert f\u00fcr unsere Produkte, Verfahren und Dienstleistungen.<\/strong><\/p>\n<p>Im Rahmen unserer st\u00e4ndigen Verbesserung streben wir eine Diversifizierung durch die Entwicklung neuer Produkte an und auch Differenzierung durch Verbesserung und Anpassung an neue Kundenbed\u00fcrfnisse.<\/p>\n<p>[\/et_pb_text][\/et_pb_column][\/et_pb_row][\/et_pb_section][et_pb_section fb_built=&#8221;1&#8243; _builder_version=&#8221;4.21.0&#8243; _module_preset=&#8221;default&#8221; background_image=&#8221;https:\/\/dev.bralo.com\/wp-content\/uploads\/2023\/05\/bralo-investigacion-azul.jpg&#8221; parallax=&#8221;on&#8221; parallax_method=&#8221;off&#8221; positioning=&#8221;none&#8221; custom_padding=&#8221;6%||6%||true|false&#8221; da_disable_devices=&#8221;off|off|off&#8221; global_colors_info=&#8221;{}&#8221; da_is_popup=&#8221;off&#8221; da_exit_intent=&#8221;off&#8221; da_has_close=&#8221;on&#8221; da_alt_close=&#8221;off&#8221; da_dark_close=&#8221;off&#8221; da_not_modal=&#8221;on&#8221; da_is_singular=&#8221;off&#8221; da_with_loader=&#8221;off&#8221; da_has_shadow=&#8221;on&#8221;][et_pb_row column_structure=&#8221;1_2,1_2&#8243; _builder_version=&#8221;4.20.4&#8243; _module_preset=&#8221;default&#8221; background_enable_image=&#8221;off&#8221; custom_margin=&#8221;||||false|false&#8221; custom_padding=&#8221;||||false|false&#8221; global_colors_info=&#8221;{}&#8221;][et_pb_column type=&#8221;1_2&#8243; _builder_version=&#8221;4.20.4&#8243; _module_preset=&#8221;default&#8221; global_colors_info=&#8221;{}&#8221;][\/et_pb_column][et_pb_column type=&#8221;1_2&#8243; _builder_version=&#8221;4.20.4&#8243; _module_preset=&#8221;default&#8221; global_colors_info=&#8221;{}&#8221;][et_pb_text _builder_version=&#8221;4.27.0&#8243; _module_preset=&#8221;default&#8221; text_font=&#8221;|700|||||||&#8221; text_text_color=&#8221;#FFFFFF&#8221; text_font_size=&#8221;36px&#8221; header_text_color=&#8221;#006CA7&#8243; header_font_size=&#8221;24px&#8221; header_2_font=&#8221;|600|||||||&#8221; header_2_text_color=&#8221;#FFFFFF&#8221; header_2_font_size=&#8221;35px&#8221; text_orientation=&#8221;right&#8221; custom_padding=&#8221;0px||0px||false|false&#8221; global_colors_info=&#8221;{}&#8221;]<\/p>\n<h2>Wir bei BRALO haben uns zu laufender Forschung verpflichtet<\/h2>\n<p>[\/et_pb_text][et_pb_text _builder_version=&#8221;4.27.0&#8243; _module_preset=&#8221;default&#8221; text_text_color=&#8221;#FFFFFF&#8221; text_font_size=&#8221;18px&#8221; text_orientation=&#8221;right&#8221; custom_margin=&#8221;||||false|false&#8221; custom_padding=&#8221;||||false|false&#8221; global_colors_info=&#8221;{}&#8221;]<\/p>\n<p>Ein Pionier im Bereich der Befestigungsl\u00f6sungen zu sein, bedeutet, der Innovation Priorit\u00e4t einzur\u00e4umen. Aus diesem Grund engagiert sich BRALO st\u00e4ndig f\u00fcr Forschung, Entwicklung und Innovation. <\/p>\n<p>[\/et_pb_text][\/et_pb_column][\/et_pb_row][\/et_pb_section][et_pb_section fb_built=&#8221;1&#8243; _builder_version=&#8221;4.23&#8243; _module_preset=&#8221;default&#8221; background_image=&#8221;https:\/\/dev.bralo.com\/wp-content\/uploads\/2023\/04\/fondo-mosaico-tornillos.jpg&#8221; custom_margin=&#8221;0px||||false|false&#8221; custom_padding=&#8221;0px||35px||false|false&#8221; da_disable_devices=&#8221;off|off|off&#8221; global_colors_info=&#8221;{}&#8221; da_is_popup=&#8221;off&#8221; da_exit_intent=&#8221;off&#8221; da_has_close=&#8221;on&#8221; da_alt_close=&#8221;off&#8221; da_dark_close=&#8221;off&#8221; da_not_modal=&#8221;on&#8221; da_is_singular=&#8221;off&#8221; da_with_loader=&#8221;off&#8221; da_has_shadow=&#8221;on&#8221;][et_pb_row column_structure=&#8221;1_2,1_2&#8243; use_custom_gutter=&#8221;on&#8221; gutter_width=&#8221;1&#8243; make_equal=&#8221;on&#8221; custom_padding_last_edited=&#8221;on|phone&#8221; admin_label=&#8221;Fila&#8221; _builder_version=&#8221;4.23&#8243; _module_preset=&#8221;default&#8221; background_enable_image=&#8221;off&#8221; width=&#8221;100%&#8221; width_tablet=&#8221;100%&#8221; width_phone=&#8221;100%&#8221; width_last_edited=&#8221;on|desktop&#8221; max_width=&#8221;100%&#8221; max_width_tablet=&#8221;100%&#8221; max_width_phone=&#8221;100%&#8221; max_width_last_edited=&#8221;on|desktop&#8221; custom_padding=&#8221;35px||2px||false|false&#8221; custom_padding_tablet=&#8221;35px||2px||false|false&#8221; custom_padding_phone=&#8221;0px||2px||false|false&#8221; custom_css_main_element=&#8221;display: flex;||flex-wrap: wrap;&#8221; locked=&#8221;off&#8221; global_colors_info=&#8221;{}&#8221;][et_pb_column type=&#8221;1_2&#8243; _builder_version=&#8221;4.20.4&#8243; _module_preset=&#8221;default&#8221; background_color=&#8221;#FFFFFF&#8221; custom_padding=&#8221;100px|5%|80px|13%|false|false&#8221; custom_padding_tablet=&#8221;100px|5%|80px|13%|false|false&#8221; custom_padding_phone=&#8221;40px||40px|5%|false|false&#8221; custom_padding_last_edited=&#8221;on|phone&#8221; global_colors_info=&#8221;{}&#8221;][et_pb_text _builder_version=&#8221;4.27.0&#8243; _module_preset=&#8221;default&#8221; text_font=&#8221;|700|||||||&#8221; text_text_color=&#8221;#006CA7&#8243; text_font_size=&#8221;36px&#8221; header_text_color=&#8221;#006CA7&#8243; header_font_size=&#8221;24px&#8221; header_2_font=&#8221;|600|||||||&#8221; header_2_text_color=&#8221;#006CA7&#8243; header_2_font_size=&#8221;35px&#8221; custom_padding=&#8221;||||false|false&#8221; custom_padding_tablet=&#8221;||||false|false&#8221; custom_padding_phone=&#8221;|10px||10px|false|false&#8221; custom_padding_last_edited=&#8221;on|phone&#8221; global_colors_info=&#8221;{}&#8221;]<\/p>\n<h2>FORSCHUNG UND KOOPERATIONEN<\/h2>\n<p>[\/et_pb_text][et_pb_text _builder_version=&#8221;4.27.0&#8243; _module_preset=&#8221;default&#8221; custom_padding=&#8221;0px||||false|false&#8221; custom_padding_tablet=&#8221;0px||||false|false&#8221; custom_padding_phone=&#8221;0px|10px||10px|false|false&#8221; custom_padding_last_edited=&#8221;on|phone&#8221; global_colors_info=&#8221;{}&#8221;]<\/p>\n<p>Auf der Grundlage einer Politik des kontinuierlichen Fortschritts und der Verbesserung setzen wir 6 % unseres Umsatzes f\u00fcr Forschungs- und Entwicklungsprojekte f\u00fcr neue Produkte ein, die einen Mehrwert und Spezialwissen schaffen.<\/p>\n<p>BRALO f\u00f6rdert die Zusammenarbeit mit Universit\u00e4ten und Institutionen, um Erfahrungen auszutauschen und ein st\u00e4ndiges technologisches Wachstum zu erreichen.<\/p>\n<p>[\/et_pb_text][\/et_pb_column][et_pb_column type=&#8221;1_2&#8243; _builder_version=&#8221;4.21.0&#8243; _module_preset=&#8221;default&#8221; background_image=&#8221;https:\/\/dev.bralo.com\/wp-content\/uploads\/2023\/05\/colaboracion-estudios.jpg&#8221; global_colors_info=&#8221;{}&#8221;][et_pb_divider color=&#8221;RGBA(255,255,255,0)&#8221; _builder_version=&#8221;4.20.4&#8243; _module_preset=&#8221;default&#8221; height=&#8221;200px&#8221; global_colors_info=&#8221;{}&#8221;][\/et_pb_divider][\/et_pb_column][\/et_pb_row][\/et_pb_section][et_pb_section fb_built=&#8221;1&#8243; _builder_version=&#8221;4.21.0&#8243; _module_preset=&#8221;default&#8221; use_background_color_gradient=&#8221;on&#8221; background_color_gradient_stops=&#8221;rgba(0,108,167,0.7) 0%|rgba(0,108,167,0.7) 100%&#8221; background_color_gradient_overlays_image=&#8221;on&#8221; background_image=&#8221;https:\/\/dev.bralo.com\/wp-content\/uploads\/2023\/07\/innovacion-solucion-de-problemas-remaches-bralo.jpg&#8221; parallax=&#8221;on&#8221; positioning=&#8221;none&#8221; custom_padding=&#8221;6%||6%||true|false&#8221; da_disable_devices=&#8221;off|off|off&#8221; global_colors_info=&#8221;{}&#8221; da_is_popup=&#8221;off&#8221; da_exit_intent=&#8221;off&#8221; da_has_close=&#8221;on&#8221; da_alt_close=&#8221;off&#8221; da_dark_close=&#8221;off&#8221; da_not_modal=&#8221;on&#8221; da_is_singular=&#8221;off&#8221; da_with_loader=&#8221;off&#8221; da_has_shadow=&#8221;on&#8221;][et_pb_row column_structure=&#8221;1_2,1_2&#8243; _builder_version=&#8221;4.20.4&#8243; _module_preset=&#8221;default&#8221; background_enable_image=&#8221;off&#8221; custom_margin=&#8221;||||false|false&#8221; custom_padding=&#8221;||||false|false&#8221; global_colors_info=&#8221;{}&#8221;][et_pb_column type=&#8221;1_2&#8243; _builder_version=&#8221;4.20.4&#8243; _module_preset=&#8221;default&#8221; global_colors_info=&#8221;{}&#8221;][\/et_pb_column][et_pb_column type=&#8221;1_2&#8243; _builder_version=&#8221;4.20.4&#8243; _module_preset=&#8221;default&#8221; global_colors_info=&#8221;{}&#8221;][et_pb_text _builder_version=&#8221;4.27.0&#8243; _module_preset=&#8221;default&#8221; text_font=&#8221;|700|||||||&#8221; text_text_color=&#8221;#FFFFFF&#8221; text_font_size=&#8221;36px&#8221; header_text_color=&#8221;#006CA7&#8243; header_font_size=&#8221;24px&#8221; header_2_font=&#8221;|600|||||||&#8221; header_2_text_color=&#8221;#FFFFFF&#8221; header_2_font_size=&#8221;35px&#8221; text_orientation=&#8221;right&#8221; custom_padding=&#8221;0px||0px||false|false&#8221; global_colors_info=&#8221;{}&#8221;]<\/p>\n<h2>PROBLEML\u00d6SUNG<\/h2>\n<p>[\/et_pb_text][et_pb_text _builder_version=&#8221;4.27.0&#8243; _module_preset=&#8221;default&#8221; text_text_color=&#8221;#FFFFFF&#8221; text_orientation=&#8221;right&#8221; custom_margin=&#8221;||||false|false&#8221; custom_padding=&#8221;||||false|false&#8221; global_colors_info=&#8221;{}&#8221;]<\/p>\n<p>Im Bereich F&amp;E&amp;I bieten wir L\u00f6sungen f\u00fcr Anwendungen und Probleme, die in den Projekten unserer Kunden auftreten, sowohl bei neuen als auch bei laufenden Anwendungen.<\/p>\n<p>[\/et_pb_text][\/et_pb_column][\/et_pb_row][\/et_pb_section][et_pb_section fb_built=&#8221;1&#8243; _builder_version=&#8221;4.23&#8243; _module_preset=&#8221;default&#8221; custom_padding=&#8221;40px||0px||false|false&#8221; da_disable_devices=&#8221;off|off|off&#8221; locked=&#8221;off&#8221; global_colors_info=&#8221;{}&#8221; da_is_popup=&#8221;off&#8221; da_exit_intent=&#8221;off&#8221; da_has_close=&#8221;on&#8221; da_alt_close=&#8221;off&#8221; da_dark_close=&#8221;off&#8221; da_not_modal=&#8221;on&#8221; da_is_singular=&#8221;off&#8221; da_with_loader=&#8221;off&#8221; da_has_shadow=&#8221;on&#8221;][et_pb_row _builder_version=&#8221;4.23&#8243; _module_preset=&#8221;default&#8221; custom_margin=&#8221;0px||||false|false&#8221; custom_padding=&#8221;0px||0px||false|false&#8221; global_colors_info=&#8221;{}&#8221;][et_pb_column type=&#8221;4_4&#8243; _builder_version=&#8221;4.23&#8243; _module_preset=&#8221;default&#8221; global_colors_info=&#8221;{}&#8221;][et_pb_text _builder_version=&#8221;4.27.0&#8243; _module_preset=&#8221;default&#8221; header_2_text_color=&#8221;#006CA7&#8243; header_2_font_size=&#8221;32px&#8221; locked=&#8221;off&#8221; global_colors_info=&#8221;{}&#8221;]<\/p>\n<h2><span data-metadata=\"&lt;encoded_tag_open \/&gt;!--(figmeta)eyJmaWxlS2V5IjoiVEc1d2lNVW55c2RqZGpac29wSHQ2dyIsInBhc3RlSUQiOjIxMzIzMzI4MzksImRhdGFUeXBlIjoic2NlbmUifQo=(\/figmeta)--&lt;encoded_tag_closed \/&gt;\"><\/span><span><strong>VERBUNDENE<\/strong> SEITEN<\/span><\/h2>\n<p>[\/et_pb_text][\/et_pb_column][\/et_pb_row][et_pb_row column_structure=&#8221;1_3,1_3,1_3&#8243; use_custom_gutter=&#8221;on&#8221; gutter_width=&#8221;1&#8243; _builder_version=&#8221;4.23&#8243; _module_preset=&#8221;default&#8221; width=&#8221;90%&#8221; custom_margin=&#8221;0px||||false|false&#8221; custom_padding=&#8221;0px||0px||false|false&#8221; locked=&#8221;off&#8221; global_colors_info=&#8221;{}&#8221;][et_pb_column type=&#8221;1_3&#8243; _builder_version=&#8221;4.21.0&#8243; _module_preset=&#8221;default&#8221; global_colors_info=&#8221;{}&#8221;][et_pb_blurb title=&#8221;QUALIT\u00c4TSPROZESSE&#8221; url=&#8221;https:\/\/dev.bralo.com\/de\/dienstleistungen\/qualitatsprozesse\/&#8221; image=&#8221;https:\/\/dev.bralo.com\/wp-content\/uploads\/2023\/10\/procesos-de-calidad.webp&#8221; alt=&#8221;QUALIT\u00c4TSPROZESSE&#8221; image_icon_width=&#8221;92%&#8221; module_class=&#8221;alinear-horizontalmente&#8221; _builder_version=&#8221;4.27.2&#8243; _module_preset=&#8221;default&#8221; header_text_align=&#8221;center&#8221; header_text_color=&#8221;#006CA7&#8243; image_icon_custom_margin=&#8221;|10px|-10px|10px|false|true&#8221; image_icon_custom_padding=&#8221;||||true|false&#8221; custom_margin=&#8221;17px||50px||false|false&#8221; animation=&#8221;off&#8221; hover_enabled=&#8221;0&#8243; custom_css_main_element=&#8221;display: inline-block!important;&#8221; border_color_all=&#8221;#006CA7&#8243; border_width_all_image=&#8221;1px&#8221; border_color_all_image=&#8221;#006CA7&#8243; locked=&#8221;off&#8221; global_colors_info=&#8221;{}&#8221; sticky_enabled=&#8221;0&#8243;][\/et_pb_blurb][\/et_pb_column][et_pb_column type=&#8221;1_3&#8243; _builder_version=&#8221;4.21.0&#8243; _module_preset=&#8221;default&#8221; custom_padding=&#8221;||||false|false&#8221; global_colors_info=&#8221;{}&#8221;][et_pb_blurb title=&#8221;CSR UND UMWELT&#8221; url=&#8221;https:\/\/dev.bralo.com\/de\/csr-und-umwelt\/&#8221; image=&#8221;https:\/\/dev.bralo.com\/wp-content\/uploads\/2023\/10\/responsabilidad-social-medioambiente-relacionado-remaches-bralo.jpg&#8221; image_icon_width=&#8221;92%&#8221; module_class=&#8221;alinear-horizontalmente&#8221; _builder_version=&#8221;4.23&#8243; _module_preset=&#8221;default&#8221; header_text_align=&#8221;center&#8221; header_text_color=&#8221;#006CA7&#8243; image_icon_custom_margin=&#8221;|10px|-10px|10px|false|true&#8221; image_icon_custom_padding=&#8221;||||true|false&#8221; custom_margin=&#8221;17px||50px||false|false&#8221; animation=&#8221;off&#8221; custom_css_main_element=&#8221;display: inline-block!important;&#8221; border_color_all=&#8221;#006CA7&#8243; border_width_all_image=&#8221;1px&#8221; border_color_all_image=&#8221;#006CA7&#8243; locked=&#8221;off&#8221; global_colors_info=&#8221;{}&#8221;][\/et_pb_blurb][\/et_pb_column][et_pb_column type=&#8221;1_3&#8243; _builder_version=&#8221;4.21.0&#8243; _module_preset=&#8221;default&#8221; custom_padding=&#8221;|0px|||false|false&#8221; global_colors_info=&#8221;{}&#8221;][et_pb_blurb title=&#8221;INTERNE PROZESSE&#8221; url=&#8221;https:\/\/dev.bralo.com\/de\/dienstleistungen\/interne-prozesse\/&#8221; image=&#8221;https:\/\/dev.bralo.com\/wp-content\/uploads\/2023\/10\/processos-internos-1.webp&#8221; alt=&#8221;processos internos&#8221; image_icon_width=&#8221;92%&#8221; module_class=&#8221;alinear-horizontalmente&#8221; _builder_version=&#8221;4.27.2&#8243; _module_preset=&#8221;default&#8221; header_text_align=&#8221;center&#8221; header_text_color=&#8221;#006CA7&#8243; image_icon_custom_margin=&#8221;|10px|-10px|10px|false|true&#8221; image_icon_custom_padding=&#8221;||||true|false&#8221; custom_margin=&#8221;17px||50px||false|false&#8221; animation=&#8221;off&#8221; hover_enabled=&#8221;0&#8243; custom_css_main_element=&#8221;display: inline-block!important;&#8221; border_color_all=&#8221;#006CA7&#8243; border_width_all_image=&#8221;1px&#8221; border_color_all_image=&#8221;#006CA7&#8243; locked=&#8221;off&#8221; global_colors_info=&#8221;{}&#8221; sticky_enabled=&#8221;0&#8243;][\/et_pb_blurb][\/et_pb_column][\/et_pb_row][\/et_pb_section]<\/p>\n","protected":false},"excerpt":{"rendered":"<p>INNOVATION BRALO AN VORDERSTER FRONT Unsere Vision ist es, ein innovatives Unternehmen zu sein und unser Ziel ist es, in den Sektoren, in denen wir t\u00e4tig sind, als eine technologische Referenz zu gelten. BRALO glaubt an die F\u00e4higkeit der technologischen Innovation, Forschung und Entwicklung als notwendige Instrumente, um zur globalen Entwicklung neuer M\u00e4rkte beizutragen. SPEZIALISIERTE [&hellip;]<\/p>\n","protected":false},"author":1,"featured_media":0,"parent":24149,"menu_order":0,"comment_status":"closed","ping_status":"closed","template":"","meta":{"_acf_changed":false,"_et_pb_use_builder":"on","_et_pb_old_content":"","_et_gb_content_width":"","rank_math_lock_modified_date":false,"inline_featured_image":false,"footnotes":""},"class_list":["post-24163","page","type-page","status-publish","hentry"],"acf":[],"_links":{"self":[{"href":"https:\/\/dev.bralo.com\/de\/wp-json\/wp\/v2\/pages\/24163","targetHints":{"allow":["GET"]}}],"collection":[{"href":"https:\/\/dev.bralo.com\/de\/wp-json\/wp\/v2\/pages"}],"about":[{"href":"https:\/\/dev.bralo.com\/de\/wp-json\/wp\/v2\/types\/page"}],"author":[{"embeddable":true,"href":"https:\/\/dev.bralo.com\/de\/wp-json\/wp\/v2\/users\/1"}],"replies":[{"embeddable":true,"href":"https:\/\/dev.bralo.com\/de\/wp-json\/wp\/v2\/comments?post=24163"}],"version-history":[{"count":4,"href":"https:\/\/dev.bralo.com\/de\/wp-json\/wp\/v2\/pages\/24163\/revisions"}],"predecessor-version":[{"id":24957,"href":"https:\/\/dev.bralo.com\/de\/wp-json\/wp\/v2\/pages\/24163\/revisions\/24957"}],"up":[{"embeddable":true,"href":"https:\/\/dev.bralo.com\/de\/wp-json\/wp\/v2\/pages\/24149"}],"wp:attachment":[{"href":"https:\/\/dev.bralo.com\/de\/wp-json\/wp\/v2\/media?parent=24163"}],"curies":[{"name":"wp","href":"https:\/\/api.w.org\/{rel}","templated":true}]}}