{"id":36747,"date":"2024-06-10T12:27:55","date_gmt":"2024-06-10T12:27:55","guid":{"rendered":"https:\/\/bralo.com\/registrovat-se\/"},"modified":"2024-06-10T12:27:55","modified_gmt":"2024-06-10T12:27:55","slug":"registrovat-se","status":"publish","type":"page","link":"https:\/\/dev.bralo.com\/cs\/registrovat-se\/","title":{"rendered":"Registrovat se"},"content":{"rendered":"<div id=\"wpmem_reg\"><a id=\"register\"><\/a><form name=\"form\" method=\"post\" action=\"https:\/\/dev.bralo.com\/cs\/registrovat-se\/\" id=\"wpmem_register_form\" class=\"form\"><input type=\"hidden\" id=\"_wpmem_register_nonce\" name=\"_wpmem_register_nonce\" value=\"fc2dc90518\" \/><input type=\"hidden\" name=\"_wp_http_referer\" value=\"\/cs\/wp-json\/wp\/v2\/pages\/36747\" \/><fieldset><legend>Registrace nov\u00e9ho u\u017eivatele<\/legend><label for=\"username\" class=\"text\">U\u017eivatelsk\u00e9 jm\u00e9no<span class=\"req\">*<\/span><\/label><div class=\"div_text\"><input name=\"username\" type=\"text\" id=\"username\" value=\"\" class=\"textbox\" required  \/><\/div><label for=\"first_name\" class=\"text\">K\u0159estn\u00ed jm\u00e9no<span class=\"req\">*<\/span><\/label><div class=\"div_text\"><input name=\"first_name\" type=\"text\" id=\"first_name\" value=\"\" class=\"textbox\" required  \/><\/div><label for=\"last_name\" class=\"text\">P\u0159\u00edjmen\u00ed<span class=\"req\">*<\/span><\/label><div class=\"div_text\"><input name=\"last_name\" type=\"text\" id=\"last_name\" value=\"\" class=\"textbox\" required  \/><\/div><label for=\"user_email\" class=\"text\">E-mail<span class=\"req\">*<\/span><\/label><div class=\"div_text\"><input name=\"user_email\" type=\"email\" id=\"user_email\" value=\"\" class=\"textbox\" required  \/><\/div><label for=\"password\" class=\"text\">Heslo<span class=\"req\">*<\/span><\/label><div class=\"div_text\"><input name=\"password\" type=\"password\" id=\"password\" class=\"textbox\" required  \/><\/div><label for=\"confirm_password\" class=\"text\">Potvr\u010fte heslo<span class=\"req\">*<\/span><\/label><div class=\"div_text\"><input name=\"confirm_password\" type=\"password\" id=\"confirm_password\" class=\"textbox\" required  \/><\/div><div class=\"div_text\"><input name=\"tos\" type=\"checkbox\" id=\"tos\" value=\"agree\" required  \/> <a href=\"#\" onClick=\"window.open('\/cs\/wp-json\/wp\/v2\/pages\/36747?tos=display','tos');\">He le\u00eddo y acepto la pol\u00edtica de privacidad<\/a><span class=\"req\">*<\/span><\/div><div class=\"div_checkbox\"><input name=\"comunicaciones\" type=\"checkbox\" id=\"comunicaciones\" value=\"Acepta recibir comunicaciones\" checked='checked' \/> <label for=\"comunicaciones\"><label for=\"comunicaciones\" class=\"checkbox\">Souhlas\u00edm se zas\u00edl\u00e1n\u00edm sd\u011blen\u00ed a informac\u00ed t\u00fdkaj\u00edc\u00edch se \u010dinnost\u00ed, slu\u017eeb a produkt\u016f spole\u010dnosti BRALO s. a.<\/label><\/label><\/div><script src=\"https:\/\/www.google.com\/recaptcha\/api.js?render=6LdrcRsqAAAAAPLGLaFUkUh7SduqaWbYivzL8XPT\"><\/script><script>grecaptcha.ready(function () {grecaptcha.execute('6LdrcRsqAAAAAPLGLaFUkUh7SduqaWbYivzL8XPT', { action: 'contact' }).then(function (token) {var recaptchaResponse = document.getElementById('recaptchaResponse');recaptchaResponse.value = token;});});<\/script><input type=\"hidden\" name=\"recaptcha_response\" id=\"recaptchaResponse\"><input name=\"a\" type=\"hidden\" value=\"register\" \/><input name=\"wpmem_reg_page\" type=\"hidden\" value=\"https:\/\/dev.bralo.com\/cs\/registrovat-se\/\" \/><div class=\"button_div\"><input name=\"submit\" type=\"submit\" value=\"Registrovat se\" class=\"buttons\" \/><\/div><div class=\"req-text\"><span class=\"req\">*<\/span>Vy\u017eadovan\u00e1 polo\u017eka<\/div><\/fieldset><\/form><\/div>\n","protected":false},"excerpt":{"rendered":"","protected":false},"author":2,"featured_media":0,"parent":0,"menu_order":0,"comment_status":"closed","ping_status":"closed","template":"","meta":{"_acf_changed":false,"_et_pb_use_builder":"off","_et_pb_old_content":"","_et_gb_content_width":"","rank_math_lock_modified_date":false,"inline_featured_image":false,"footnotes":""},"class_list":["post-36747","page","type-page","status-publish","hentry"],"acf":[],"_links":{"self":[{"href":"https:\/\/dev.bralo.com\/cs\/wp-json\/wp\/v2\/pages\/36747","targetHints":{"allow":["GET"]}}],"collection":[{"href":"https:\/\/dev.bralo.com\/cs\/wp-json\/wp\/v2\/pages"}],"about":[{"href":"https:\/\/dev.bralo.com\/cs\/wp-json\/wp\/v2\/types\/page"}],"author":[{"embeddable":true,"href":"https:\/\/dev.bralo.com\/cs\/wp-json\/wp\/v2\/users\/2"}],"replies":[{"embeddable":true,"href":"https:\/\/dev.bralo.com\/cs\/wp-json\/wp\/v2\/comments?post=36747"}],"version-history":[{"count":0,"href":"https:\/\/dev.bralo.com\/cs\/wp-json\/wp\/v2\/pages\/36747\/revisions"}],"wp:attachment":[{"href":"https:\/\/dev.bralo.com\/cs\/wp-json\/wp\/v2\/media?parent=36747"}],"curies":[{"name":"wp","href":"https:\/\/api.w.org\/{rel}","templated":true}]}}