{"id":26192,"date":"2023-07-31T11:40:29","date_gmt":"2023-07-31T11:40:29","guid":{"rendered":"https:\/\/bralo.com\/?page_id=26192"},"modified":"2024-12-17T08:36:46","modified_gmt":"2024-12-17T08:36:46","slug":"technicka-knihovna","status":"publish","type":"page","link":"https:\/\/dev.bralo.com\/cs\/technicka-knihovna\/","title":{"rendered":"Technick\u00e1 Knihovna"},"content":{"rendered":"<p>[et_pb_section fb_built=&#8221;1&#8243; _builder_version=&#8221;4.23&#8243; _module_preset=&#8221;default&#8221; background_image=&#8221;https:\/\/dev.bralo.com\/wp-content\/uploads\/2023\/04\/fondo-mosaico-tornillos.jpg&#8221; custom_margin=&#8221;0px||||false|false&#8221; custom_padding=&#8221;0px||40px||false|false&#8221; da_disable_devices=&#8221;off|off|off&#8221; global_colors_info=&#8221;{}&#8221; da_is_popup=&#8221;off&#8221; da_exit_intent=&#8221;off&#8221; da_has_close=&#8221;on&#8221; da_alt_close=&#8221;off&#8221; da_dark_close=&#8221;off&#8221; da_not_modal=&#8221;on&#8221; da_is_singular=&#8221;off&#8221; da_with_loader=&#8221;off&#8221; da_has_shadow=&#8221;on&#8221;][et_pb_row admin_label=&#8221;T\u00edtulo&#8221; _builder_version=&#8221;4.23&#8243; _module_preset=&#8221;default&#8221; width=&#8221;75%&#8221; max_width=&#8221;80%&#8221; custom_margin=&#8221;||||false|false&#8221; locked=&#8221;off&#8221; global_colors_info=&#8221;{}&#8221;][et_pb_column type=&#8221;4_4&#8243; _builder_version=&#8221;4.21.0&#8243; _module_preset=&#8221;default&#8221; global_colors_info=&#8221;{}&#8221;][et_pb_text _builder_version=&#8221;4.27.2&#8243; _module_preset=&#8221;default&#8221; header_2_font=&#8221;|700|||||||&#8221; header_2_text_color=&#8221;#006CA7&#8243; header_2_font_size=&#8221;45px&#8221; custom_margin=&#8221;40px||||false|false&#8221; custom_padding=&#8221;15px||15px||true|false&#8221; locked=&#8221;off&#8221; global_colors_info=&#8221;{}&#8221;]<\/p>\n<h2 style=\"text-align: center;\">KATALOGY<\/h2>\n<p>[\/et_pb_text][\/et_pb_column][\/et_pb_row][et_pb_row _builder_version=&#8221;4.21.0&#8243; _module_preset=&#8221;default&#8221; custom_padding=&#8221;||40px||false|false&#8221; global_colors_info=&#8221;{}&#8221;][et_pb_column type=&#8221;4_4&#8243; _builder_version=&#8221;4.21.0&#8243; _module_preset=&#8221;default&#8221; global_colors_info=&#8221;{}&#8221;][et_pb_text _builder_version=&#8221;4.27.2&#8243; _module_preset=&#8221;default&#8221; text_font_size=&#8221;20px&#8221; text_orientation=&#8221;center&#8221; global_colors_info=&#8221;{}&#8221;]<\/p>\n<p>Katalogy, n\u00e1vody k obsluze a bro\u017eury k dispozici ke sta\u017een\u00ed<\/p>\n<p>[\/et_pb_text][\/et_pb_column][\/et_pb_row][et_pb_row column_structure=&#8221;1_4,1_4,1_4,1_4&#8243; use_custom_gutter=&#8221;on&#8221; gutter_width=&#8221;2&#8243; make_equal=&#8221;on&#8221; _builder_version=&#8221;4.27.2&#8243; _module_preset=&#8221;default&#8221; custom_margin=&#8221;0px||0px||true|false&#8221; custom_padding=&#8221;0px||0px||true|false&#8221; hover_enabled=&#8221;0&#8243; global_colors_info=&#8221;{}&#8221; sticky_enabled=&#8221;0&#8243;][et_pb_column type=&#8221;1_4&#8243; module_class=&#8221;zoom-image&#8221; _builder_version=&#8221;4.27.2&#8243; _module_preset=&#8221;default&#8221; background_color=&#8221;#FFFFFF&#8221; background_enable_image=&#8221;off&#8221; background_size=&#8221;contain&#8221; custom_padding=&#8221;0px||0px||false|false&#8221; link_option_url=&#8221;https:\/\/dev.bralo.com\/cs\/technicka-knihovna\/katalogy\/&#8221; hover_enabled=&#8221;0&#8243; box_shadow_style=&#8221;preset1&#8243; global_colors_info=&#8221;{}&#8221; sticky_enabled=&#8221;0&#8243;][et_pb_text _builder_version=&#8221;4.27.2&#8243; _module_preset=&#8221;default&#8221; text_text_color=&#8221;#006CA7&#8243; text_font_size=&#8221;24px&#8221; text_line_height=&#8221;1em&#8221; background_enable_color=&#8221;off&#8221; text_orientation=&#8221;center&#8221; custom_margin=&#8221;20px||||false|false&#8221; custom_padding=&#8221;12px||12px||true|true&#8221; custom_padding_tablet=&#8221;30px|150px|30px|20px|false|false&#8221; custom_padding_phone=&#8221;|20px|||false|false&#8221; custom_padding_last_edited=&#8221;on|desktop&#8221; border_color_bottom=&#8221;#FFFFFF&#8221; locked=&#8221;off&#8221; global_colors_info=&#8221;{}&#8221;]<\/p>\n<p>KATALOGY<\/p>\n<p>[\/et_pb_text][et_pb_image src=&#8221;https:\/\/dev.bralo.com\/wp-content\/uploads\/2023\/10\/catalogo-remaches.webp&#8221; alt=&#8221;catalogos&#8221; title_text=&#8221;catalogo-remaches&#8221; _builder_version=&#8221;4.23&#8243; _module_preset=&#8221;default&#8221; width=&#8221;85%&#8221; module_alignment=&#8221;center&#8221; min_height=&#8221;180.7px&#8221; custom_margin=&#8221;||||false|false&#8221; global_colors_info=&#8221;{}&#8221;][\/et_pb_image][\/et_pb_column][et_pb_column type=&#8221;1_4&#8243; module_class=&#8221;zoom-image&#8221; _builder_version=&#8221;4.27.2&#8243; _module_preset=&#8221;default&#8221; background_color=&#8221;#FFFFFF&#8221; background_enable_image=&#8221;off&#8221; background_size=&#8221;contain&#8221; link_option_url=&#8221;https:\/\/dev.bralo.com\/cs\/technicka-knihovna\/osvedceni\/&#8221; box_shadow_style=&#8221;preset1&#8243; global_colors_info=&#8221;{}&#8221;][et_pb_text _builder_version=&#8221;4.27.2&#8243; _module_preset=&#8221;default&#8221; text_text_color=&#8221;#006CA7&#8243; text_font_size=&#8221;24px&#8221; text_line_height=&#8221;1em&#8221; background_enable_color=&#8221;off&#8221; text_orientation=&#8221;center&#8221; custom_margin=&#8221;20px||||false|false&#8221; custom_padding=&#8221;12px||12px||true|true&#8221; custom_padding_tablet=&#8221;30px|150px|30px|20px|false|false&#8221; custom_padding_phone=&#8221;|20px|||false|false&#8221; custom_padding_last_edited=&#8221;on|desktop&#8221; border_color_bottom=&#8221;#FFFFFF&#8221; locked=&#8221;off&#8221; global_colors_info=&#8221;{}&#8221;]<\/p>\n<p>OSV\u011aD\u010cEN\u00cd<\/p>\n<p>[\/et_pb_text][et_pb_image src=&#8221;https:\/\/dev.bralo.com\/wp-content\/uploads\/2023\/10\/certificados.webp&#8221; alt=&#8221;Certificados&#8221; title_text=&#8221;certificados&#8221; _builder_version=&#8221;4.23&#8243; _module_preset=&#8221;default&#8221; width=&#8221;85%&#8221; module_alignment=&#8221;center&#8221; custom_margin=&#8221;||20px||false|false&#8221; global_colors_info=&#8221;{}&#8221;][\/et_pb_image][\/et_pb_column][et_pb_column type=&#8221;1_4&#8243; module_class=&#8221;zoom-image&#8221; _builder_version=&#8221;4.27.2&#8243; _module_preset=&#8221;default&#8221; background_color=&#8221;#FFFFFF&#8221; background_enable_image=&#8221;off&#8221; background_size=&#8221;contain&#8221; link_option_url=&#8221;https:\/\/dev.bralo.com\/cs\/technicka-knihovna\/brozury-a-slozky\/&#8221; box_shadow_style=&#8221;preset1&#8243; global_colors_info=&#8221;{}&#8221;][et_pb_text _builder_version=&#8221;4.27.2&#8243; _module_preset=&#8221;default&#8221; text_text_color=&#8221;#006CA7&#8243; text_font_size=&#8221;24px&#8221; text_line_height=&#8221;1em&#8221; background_enable_color=&#8221;off&#8221; text_orientation=&#8221;center&#8221; custom_margin=&#8221;20px||||false|false&#8221; custom_padding=&#8221;||||true|true&#8221; custom_padding_tablet=&#8221;30px|150px|30px|20px|false|false&#8221; custom_padding_phone=&#8221;|20px|||false|false&#8221; custom_padding_last_edited=&#8221;on|desktop&#8221; border_color_bottom=&#8221;#FFFFFF&#8221; locked=&#8221;off&#8221; global_colors_info=&#8221;{}&#8221;]<\/p>\n<p>BRO\u017dURY A SLO\u017dKY<\/p>\n<p>[\/et_pb_text][et_pb_image src=&#8221;https:\/\/dev.bralo.com\/wp-content\/uploads\/2023\/10\/dosier.webp&#8221; alt=&#8221;Dosier&#8221; title_text=&#8221;dosier&#8221; _builder_version=&#8221;4.23&#8243; _module_preset=&#8221;default&#8221; width=&#8221;85%&#8221; module_alignment=&#8221;center&#8221; custom_margin=&#8221;||20px||false|false&#8221; global_colors_info=&#8221;{}&#8221;][\/et_pb_image][\/et_pb_column][et_pb_column type=&#8221;1_4&#8243; module_class=&#8221;zoom-image&#8221; _builder_version=&#8221;4.27.2&#8243; _module_preset=&#8221;default&#8221; background_color=&#8221;#FFFFFF&#8221; background_enable_image=&#8221;off&#8221; background_size=&#8221;contain&#8221; link_option_url=&#8221;https:\/\/dev.bralo.com\/cs\/technicka-knihovna\/prirucky-s-navody\/&#8221; box_shadow_style=&#8221;preset1&#8243; global_colors_info=&#8221;{}&#8221;][et_pb_text _builder_version=&#8221;4.27.2&#8243; _module_preset=&#8221;default&#8221; text_text_color=&#8221;#006CA7&#8243; text_font_size=&#8221;24px&#8221; text_line_height=&#8221;1em&#8221; background_enable_color=&#8221;off&#8221; text_orientation=&#8221;center&#8221; custom_margin=&#8221;20px||||false|false&#8221; custom_padding=&#8221;||||true|true&#8221; custom_padding_tablet=&#8221;30px|150px|30px|20px|false|false&#8221; custom_padding_phone=&#8221;|20px|||false|false&#8221; custom_padding_last_edited=&#8221;on|desktop&#8221; border_color_bottom=&#8221;#FFFFFF&#8221; locked=&#8221;off&#8221; global_colors_info=&#8221;{}&#8221;]<\/p>\n<p>P\u0158\u00cdRU\u010cKY S N\u00c1VODY<\/p>\n<p>[\/et_pb_text][et_pb_image src=&#8221;https:\/\/dev.bralo.com\/wp-content\/uploads\/2023\/10\/manual.webp&#8221; alt=&#8221;Manual de instrucciones&#8221; title_text=&#8221;manual&#8221; _builder_version=&#8221;4.23&#8243; _module_preset=&#8221;default&#8221; width=&#8221;85%&#8221; module_alignment=&#8221;center&#8221; custom_margin=&#8221;||20px||false|false&#8221; global_colors_info=&#8221;{}&#8221;][\/et_pb_image][\/et_pb_column][\/et_pb_row][\/et_pb_section]<\/p>\n","protected":false},"excerpt":{"rendered":"<p>KATALOGYKatalogy, n\u00e1vody k obsluze a bro\u017eury k dispozici ke sta\u017een\u00edKATALOGYOSV\u011aD\u010cEN\u00cdBRO\u017dURY A SLO\u017dKYP\u0158\u00cdRU\u010cKY S N\u00c1VODY<\/p>\n","protected":false},"author":1,"featured_media":0,"parent":0,"menu_order":0,"comment_status":"closed","ping_status":"closed","template":"","meta":{"_acf_changed":false,"_et_pb_use_builder":"on","_et_pb_old_content":"[et_pb_section fb_built=\"1\" _builder_version=\"4.23\" _module_preset=\"default\" background_image=\"https:\/\/dev.bralo.com\/wp-content\/uploads\/2023\/04\/fondo-mosaico-tornillos.jpg\" custom_margin=\"0px||||false|false\" custom_padding=\"0px||40px||false|false\" da_disable_devices=\"off|off|off\" global_colors_info=\"{}\" da_is_popup=\"off\" da_exit_intent=\"off\" da_has_close=\"on\" da_alt_close=\"off\" da_dark_close=\"off\" da_not_modal=\"on\" da_is_singular=\"off\" da_with_loader=\"off\" da_has_shadow=\"on\"][et_pb_row admin_label=\"T\u00edtulo\" _builder_version=\"4.23\" _module_preset=\"default\" width=\"75%\" max_width=\"80%\" custom_margin=\"||||false|false\" locked=\"off\" global_colors_info=\"{}\"][et_pb_column type=\"4_4\" _builder_version=\"4.21.0\" _module_preset=\"default\" global_colors_info=\"{}\"][et_pb_text _builder_version=\"4.23\" _module_preset=\"default\" header_2_font=\"|700|||||||\" header_2_text_color=\"#006CA7\" header_2_font_size=\"45px\" custom_margin=\"40px||||false|false\" custom_padding=\"15px||15px||true|false\" locked=\"off\" global_colors_info=\"{}\"]<h2 style=\"text-align: center;\">CAT\u00c1LOGOS<\/h2>[\/et_pb_text][\/et_pb_column][\/et_pb_row][et_pb_row _builder_version=\"4.21.0\" _module_preset=\"default\" custom_padding=\"||40px||false|false\" global_colors_info=\"{}\"][et_pb_column type=\"4_4\" _builder_version=\"4.21.0\" _module_preset=\"default\" global_colors_info=\"{}\"][et_pb_text _builder_version=\"4.21.0\" _module_preset=\"default\" text_font_size=\"20px\" text_orientation=\"center\" global_colors_info=\"{}\"]<p>Cat\u00e1logos, instrucciones de funcionamiento y folletos disponibles para su descarga<\/p>[\/et_pb_text][\/et_pb_column][\/et_pb_row][et_pb_row column_structure=\"1_4,1_4,1_4,1_4\" use_custom_gutter=\"on\" gutter_width=\"2\" make_equal=\"on\" _builder_version=\"4.27.0\" _module_preset=\"default\" custom_margin=\"0px||0px||true|false\" custom_padding=\"0px||0px||true|false\" hover_enabled=\"0\" global_colors_info=\"{}\" sticky_enabled=\"0\"][et_pb_column type=\"1_4\" module_class=\"zoom-image\" _builder_version=\"4.27.0\" _module_preset=\"default\" background_color=\"#FFFFFF\" background_enable_image=\"off\" background_size=\"contain\" custom_padding=\"0px||0px||false|false\" link_option_url=\"@ET-DC@eyJkeW5hbWljIjp0cnVlLCJjb250ZW50IjoicG9zdF9saW5rX3VybF9wYWdlIiwic2V0dGluZ3MiOnsicG9zdF9pZCI6IjEzMjQ1In19@\" hover_enabled=\"0\" box_shadow_style=\"preset1\" global_colors_info=\"{}\" _dynamic_attributes=\"link_option_url\" sticky_enabled=\"0\"][et_pb_text _builder_version=\"4.21.0\" _module_preset=\"default\" text_text_color=\"#006CA7\" text_font_size=\"24px\" text_line_height=\"1em\" background_enable_color=\"off\" text_orientation=\"center\" custom_margin=\"20px||||false|false\" custom_padding=\"12px||12px||true|true\" custom_padding_tablet=\"30px|150px|30px|20px|false|false\" custom_padding_phone=\"|20px|||false|false\" custom_padding_last_edited=\"on|desktop\" border_color_bottom=\"#FFFFFF\" locked=\"off\" global_colors_info=\"{}\"]<p>CAT\u00c1LOGOS<\/p>[\/et_pb_text][et_pb_image src=\"https:\/\/dev.bralo.com\/wp-content\/uploads\/2023\/10\/catalogo-remaches.webp\" alt=\"catalogos\" title_text=\"catalogo-remaches\" _builder_version=\"4.23\" _module_preset=\"default\" width=\"85%\" module_alignment=\"center\" min_height=\"180.7px\" custom_margin=\"||||false|false\" global_colors_info=\"{}\"][\/et_pb_image][\/et_pb_column][et_pb_column type=\"1_4\" module_class=\"zoom-image\" _builder_version=\"4.27.0\" _module_preset=\"default\" background_color=\"#FFFFFF\" background_enable_image=\"off\" background_size=\"contain\" link_option_url=\"@ET-DC@eyJkeW5hbWljIjp0cnVlLCJjb250ZW50IjoicG9zdF9saW5rX3VybF9wYWdlIiwic2V0dGluZ3MiOnsicG9zdF9pZCI6IjEzMjI0In19@\" hover_enabled=\"0\" box_shadow_style=\"preset1\" global_colors_info=\"{}\" _dynamic_attributes=\"link_option_url\" sticky_enabled=\"0\"][et_pb_text _builder_version=\"4.21.0\" _module_preset=\"default\" text_text_color=\"#006CA7\" text_font_size=\"24px\" text_line_height=\"1em\" background_enable_color=\"off\" text_orientation=\"center\" custom_margin=\"20px||||false|false\" custom_padding=\"12px||12px||true|true\" custom_padding_tablet=\"30px|150px|30px|20px|false|false\" custom_padding_phone=\"|20px|||false|false\" custom_padding_last_edited=\"on|desktop\" border_color_bottom=\"#FFFFFF\" locked=\"off\" global_colors_info=\"{}\"]<p>CERTIFICADOS<\/p>[\/et_pb_text][et_pb_image src=\"https:\/\/dev.bralo.com\/wp-content\/uploads\/2023\/10\/certificados.webp\" alt=\"Certificados\" title_text=\"certificados\" _builder_version=\"4.23\" _module_preset=\"default\" width=\"85%\" module_alignment=\"center\" custom_margin=\"||20px||false|false\" global_colors_info=\"{}\"][\/et_pb_image][\/et_pb_column][et_pb_column type=\"1_4\" module_class=\"zoom-image\" _builder_version=\"4.27.0\" _dynamic_attributes=\"link_option_url\" _module_preset=\"default\" background_color=\"#FFFFFF\" background_enable_image=\"off\" background_size=\"contain\" link_option_url=\"@ET-DC@eyJkeW5hbWljIjp0cnVlLCJjb250ZW50IjoicG9zdF9saW5rX3VybF9wYWdlIiwic2V0dGluZ3MiOnsicG9zdF9pZCI6IjEzNTA5In19@\" hover_enabled=\"0\" box_shadow_style=\"preset1\" global_colors_info=\"{}\" sticky_enabled=\"0\"][et_pb_text _builder_version=\"4.21.0\" _module_preset=\"default\" text_text_color=\"#006CA7\" text_font_size=\"24px\" text_line_height=\"1em\" background_enable_color=\"off\" text_orientation=\"center\" custom_margin=\"20px||||false|false\" custom_padding=\"||||true|true\" custom_padding_tablet=\"30px|150px|30px|20px|false|false\" custom_padding_phone=\"|20px|||false|false\" custom_padding_last_edited=\"on|desktop\" border_color_bottom=\"#FFFFFF\" locked=\"off\" global_colors_info=\"{}\"]<p>FOLLETOS Y DOSIERES<\/p>[\/et_pb_text][et_pb_image src=\"https:\/\/dev.bralo.com\/wp-content\/uploads\/2023\/10\/dosier.webp\" alt=\"Dosier\" title_text=\"dosier\" _builder_version=\"4.23\" _module_preset=\"default\" width=\"85%\" module_alignment=\"center\" custom_margin=\"||20px||false|false\" global_colors_info=\"{}\"][\/et_pb_image][\/et_pb_column][et_pb_column type=\"1_4\" module_class=\"zoom-image\" _builder_version=\"4.27.0\" _module_preset=\"default\" background_color=\"#FFFFFF\" background_enable_image=\"off\" background_size=\"contain\" link_option_url=\"@ET-DC@eyJkeW5hbWljIjp0cnVlLCJjb250ZW50IjoicG9zdF9saW5rX3VybF9wYWdlIiwic2V0dGluZ3MiOnsicG9zdF9pZCI6IjEzMjMyIn19@\" hover_enabled=\"0\" box_shadow_style=\"preset1\" global_colors_info=\"{}\" _dynamic_attributes=\"link_option_url\" sticky_enabled=\"0\"][et_pb_text _builder_version=\"4.21.0\" _module_preset=\"default\" text_text_color=\"#006CA7\" text_font_size=\"24px\" text_line_height=\"1em\" background_enable_color=\"off\" text_orientation=\"center\" custom_margin=\"20px||||false|false\" custom_padding=\"||||true|true\" custom_padding_tablet=\"30px|150px|30px|20px|false|false\" custom_padding_phone=\"|20px|||false|false\" custom_padding_last_edited=\"on|desktop\" border_color_bottom=\"#FFFFFF\" locked=\"off\" global_colors_info=\"{}\"]<p>MANUALES DE INSTRUCCIONES<\/p>[\/et_pb_text][et_pb_image src=\"https:\/\/dev.bralo.com\/wp-content\/uploads\/2023\/10\/manual.webp\" alt=\"Manual de instrucciones\" title_text=\"manual\" _builder_version=\"4.23\" _module_preset=\"default\" width=\"85%\" module_alignment=\"center\" custom_margin=\"||20px||false|false\" global_colors_info=\"{}\"][\/et_pb_image][\/et_pb_column][\/et_pb_row][\/et_pb_section]","_et_gb_content_width":"","rank_math_lock_modified_date":false,"inline_featured_image":false,"footnotes":""},"class_list":["post-26192","page","type-page","status-publish","hentry"],"acf":[],"_links":{"self":[{"href":"https:\/\/dev.bralo.com\/cs\/wp-json\/wp\/v2\/pages\/26192","targetHints":{"allow":["GET"]}}],"collection":[{"href":"https:\/\/dev.bralo.com\/cs\/wp-json\/wp\/v2\/pages"}],"about":[{"href":"https:\/\/dev.bralo.com\/cs\/wp-json\/wp\/v2\/types\/page"}],"author":[{"embeddable":true,"href":"https:\/\/dev.bralo.com\/cs\/wp-json\/wp\/v2\/users\/1"}],"replies":[{"embeddable":true,"href":"https:\/\/dev.bralo.com\/cs\/wp-json\/wp\/v2\/comments?post=26192"}],"version-history":[{"count":7,"href":"https:\/\/dev.bralo.com\/cs\/wp-json\/wp\/v2\/pages\/26192\/revisions"}],"predecessor-version":[{"id":32346,"href":"https:\/\/dev.bralo.com\/cs\/wp-json\/wp\/v2\/pages\/26192\/revisions\/32346"}],"wp:attachment":[{"href":"https:\/\/dev.bralo.com\/cs\/wp-json\/wp\/v2\/media?parent=26192"}],"curies":[{"name":"wp","href":"https:\/\/api.w.org\/{rel}","templated":true}]}}